{"id":1614,"date":"2025-03-07T16:41:53","date_gmt":"2025-03-07T16:41:53","guid":{"rendered":"https:\/\/asr-arquitecto.es\/?page_id=1614"},"modified":"2025-04-05T15:48:51","modified_gmt":"2025-04-05T15:48:51","slug":"straw-house","status":"publish","type":"page","link":"https:\/\/asr-arquitecto.es\/es\/straw-house\/","title":{"rendered":"Casa de paja"},"content":{"rendered":"<div data-elementor-type=\"wp-page\" data-elementor-id=\"1614\" class=\"elementor elementor-1614\" data-elementor-post-type=\"page\">\n\t\t\t\t<div class=\"elementor-element elementor-element-ad984db e-flex e-con-boxed e-con e-parent\" data-id=\"ad984db\" data-element_type=\"container\" data-e-type=\"container\">\n\t\t\t\t\t<div class=\"e-con-inner\">\n\t\t<div class=\"elementor-element elementor-element-113b318 e-con-full e-flex e-con e-child\" data-id=\"113b318\" data-element_type=\"container\" data-e-type=\"container\">\n\t\t\t\t<div class=\"elementor-element elementor-element-f721842 elementor-widget elementor-widget-heading\" data-id=\"f721842\" data-element_type=\"widget\" data-e-type=\"widget\" data-widget_type=\"heading.default\">\n\t\t\t\t<div class=\"elementor-widget-container\">\n\t\t\t\t\t<h3 class=\"elementor-heading-title elementor-size-default\">Casa de paja<\/h3>\t\t\t\t<\/div>\n\t\t\t\t<\/div>\n\t\t\t\t<\/div>\n\t\t\t\t\t<\/div>\n\t\t\t\t<\/div>\n\t\t<div class=\"elementor-element elementor-element-3dc8206 e-flex e-con-boxed e-con e-parent\" data-id=\"3dc8206\" data-element_type=\"container\" data-e-type=\"container\">\n\t\t\t\t\t<div class=\"e-con-inner\">\n\t\t\t\t<div class=\"elementor-element elementor-element-513fce6 elementor-widget elementor-widget-text-editor\" data-id=\"513fce6\" data-element_type=\"widget\" data-e-type=\"widget\" data-widget_type=\"text-editor.default\">\n\t\t\t\t<div class=\"elementor-widget-container\">\n\t\t\t\t\t\t\t\t\t<div><\/div>\t\t\t\t\t\t\t\t<\/div>\n\t\t\t\t<\/div>\n\t\t\t\t\t<\/div>\n\t\t\t\t<\/div>\n\t\t<div class=\"elementor-element elementor-element-09459d8 e-flex e-con-boxed e-con e-parent\" data-id=\"09459d8\" data-element_type=\"container\" data-e-type=\"container\">\n\t\t\t\t\t<div class=\"e-con-inner\">\n\t\t\t\t<div class=\"elementor-element elementor-element-0b7b034 elementor-widget elementor-widget-text-editor\" data-id=\"0b7b034\" data-element_type=\"widget\" data-e-type=\"widget\" data-no-translation=\"\" data-widget_type=\"text-editor.default\">\n\t\t\t\t<div class=\"elementor-widget-container\">\n\t\t\t\t\t<style>.elementor-element-0b7b034{display:none !important}<\/style>\t\t\t\t<\/div>\n\t\t\t\t<\/div>\n\t\t\t\t<div class=\"elementor-element elementor-element-1a65f4d elementor-widget elementor-widget-text-editor\" data-id=\"1a65f4d\" data-element_type=\"widget\" data-e-type=\"widget\" data-no-translation=\"\" data-widget_type=\"text-editor.default\">\n\t\t\t\t<div class=\"elementor-widget-container\">\n\t\t\t\t\t\t\t\t\t<h4><span data-start=\"62\" data-end=\"97\">Un Hogar Arraigado en la Tierra<\/span><\/h4><p class=\"\" data-start=\"99\" data-end=\"454\">Este proyecto es m\u00e1s que una casa: es <b>una declaraci\u00f3n sobre la sostenibilidad, la autonom\u00eda y la arquitectura como una extensi\u00f3n de la naturaleza.<\/b> Construida sobre la tierra, integrada en su entorno, la Casa de Paja representa <b>la esencia del dise\u00f1o pasivo<\/b>, donde cada elemento contribuye a la eficiencia, la resiliencia y la armon\u00eda con el medio ambiente.<\/p><p class=\"\" data-start=\"456\" data-end=\"710\">Ubicada <b>en una zona monta\u00f1osa y boscosa cerca de Barcelona<\/b>, la casa ha sido concebida para <b>desaparecer en el terreno<\/b>, manteniendo al mismo tiempo una posici\u00f3n elevada que la protege de la humedad: un equilibrio delicado entre integraci\u00f3n y supervivencia.<\/p>\t\t\t\t\t\t\t\t<\/div>\n\t\t\t\t<\/div>\n\t\t\t\t\t<\/div>\n\t\t\t\t<\/div>\n\t\t<div class=\"elementor-element elementor-element-84518eb e-flex e-con-boxed e-con e-parent\" data-id=\"84518eb\" data-element_type=\"container\" data-e-type=\"container\">\n\t\t\t\t\t<div class=\"e-con-inner\">\n\t\t<div class=\"elementor-element elementor-element-b5a3727 e-con-full e-flex e-con e-child\" data-id=\"b5a3727\" data-element_type=\"container\" data-e-type=\"container\">\n\t\t\t\t<div class=\"elementor-element elementor-element-5e913da elementor-widget elementor-widget-text-editor\" data-id=\"5e913da\" data-element_type=\"widget\" data-e-type=\"widget\" data-no-translation=\"\" data-widget_type=\"text-editor.default\">\n\t\t\t\t<div class=\"elementor-widget-container\">\n\t\t\t\t\t<style>.elementor-element-5e913da{display:none !important}<\/style>\t\t\t\t<\/div>\n\t\t\t\t<\/div>\n\t\t\t\t<div class=\"elementor-element elementor-element-3615f6f elementor-widget elementor-widget-text-editor\" data-id=\"3615f6f\" data-element_type=\"widget\" data-e-type=\"widget\" data-no-translation=\"\" data-widget_type=\"text-editor.default\">\n\t\t\t\t<div class=\"elementor-widget-container\">\n\t\t\t\t\t\t\t\t\t<h4 role=\"heading\" aria-level=\"4\" data-ux=\"ContentCardHeading\" data-aid=\"CONTENT_HEADLINE1_RENDERED\" data-typography=\"HeadingDelta\">Una Casa que Se Adapta al Paisaje<\/h4>\t\t\t\t\t\t\t\t<\/div>\n\t\t\t\t<\/div>\n\t\t\t\t<div class=\"elementor-element elementor-element-f37e2d6 elementor-widget elementor-widget-image\" data-id=\"f37e2d6\" data-element_type=\"widget\" data-e-type=\"widget\" data-widget_type=\"image.default\">\n\t\t\t\t<div class=\"elementor-widget-container\">\n\t\t\t\t\t\t\t\t\t\t\t\t\t\t\t<img fetchpriority=\"high\" decoding=\"async\" width=\"800\" height=\"563\" src=\"https:\/\/asr-arquitecto.es\/wp-content\/uploads\/2025\/03\/La-casa-de-Paja-Alonso-Santos-Rivera_Page_04-1024x720.png\" class=\"attachment-large size-large wp-image-2332\" alt=\"\" srcset=\"https:\/\/asr-arquitecto.es\/wp-content\/uploads\/2025\/03\/La-casa-de-Paja-Alonso-Santos-Rivera_Page_04-1024x720.png 1024w, https:\/\/asr-arquitecto.es\/wp-content\/uploads\/2025\/03\/La-casa-de-Paja-Alonso-Santos-Rivera_Page_04-300x211.png 300w, https:\/\/asr-arquitecto.es\/wp-content\/uploads\/2025\/03\/La-casa-de-Paja-Alonso-Santos-Rivera_Page_04-768x540.png 768w, https:\/\/asr-arquitecto.es\/wp-content\/uploads\/2025\/03\/La-casa-de-Paja-Alonso-Santos-Rivera_Page_04-1536x1079.png 1536w, https:\/\/asr-arquitecto.es\/wp-content\/uploads\/2025\/03\/La-casa-de-Paja-Alonso-Santos-Rivera_Page_04-18x12.png 18w, https:\/\/asr-arquitecto.es\/wp-content\/uploads\/2025\/03\/La-casa-de-Paja-Alonso-Santos-Rivera_Page_04-600x422.png 600w, https:\/\/asr-arquitecto.es\/wp-content\/uploads\/2025\/03\/La-casa-de-Paja-Alonso-Santos-Rivera_Page_04.png 2012w\" sizes=\"(max-width: 800px) 100vw, 800px\" \/>\t\t\t\t\t\t\t\t\t\t\t\t\t\t\t<\/div>\n\t\t\t\t<\/div>\n\t\t\t\t<div class=\"elementor-element elementor-element-1ebcf52 elementor-widget elementor-widget-text-editor\" data-id=\"1ebcf52\" data-element_type=\"widget\" data-e-type=\"widget\" data-no-translation=\"\" data-widget_type=\"text-editor.default\">\n\t\t\t\t<div class=\"elementor-widget-container\">\n\t\t\t\t\t<style>.elementor-element-1ebcf52{display:none !important}<\/style>\t\t\t\t<\/div>\n\t\t\t\t<\/div>\n\t\t\t\t<div class=\"elementor-element elementor-element-b271b7c elementor-widget elementor-widget-text-editor\" data-id=\"b271b7c\" data-element_type=\"widget\" data-e-type=\"widget\" data-no-translation=\"\" data-widget_type=\"text-editor.default\">\n\t\t\t\t<div class=\"elementor-widget-container\">\n\t\t\t\t\t\t\t\t\t<p class=\"\" data-start=\"120\" data-end=\"464\">En lugar de imponerse al terreno, la casa se adapta. Se organiza como <b>un volumen semi-enterrado<\/b>, con <b>su cubierta extendiendo el propio paisaje<\/b>, creando as\u00ed una continuidad del terreno natural en lugar de una ruptura. La arquitectura no es solo un refugio, sino un mecanismo para convivir con la tierra, cuidadosamente dise\u00f1ada para responder a:<\/p><ul><li><strong data-start=\"466\" data-end=\"488\">La luz y el calor:<\/strong> El patio orientado al sur act\u00faa como un colector solar, aportando calidez y luz hasta el coraz\u00f3n de la casa.<\/li><li><strong data-start=\"600\" data-end=\"627\">El viento y la humedad:<\/strong> Elevada sobre pilotes de madera, evita el contacto directo con el suelo, protegiendo las paredes de paja frente a la degradaci\u00f3n y ventilando naturalmente la estructura.<\/li><li><strong data-start=\"800\" data-end=\"823\">El ecosistema vivo:<\/strong> La cubierta est\u00e1 viva, una superficie vegetal que sostiene la vegetaci\u00f3n, integra la casa en su entorno, regula la temperatura y capta el agua.<\/li><\/ul>\t\t\t\t\t\t\t\t<\/div>\n\t\t\t\t<\/div>\n\t\t\t\t<\/div>\n\t\t<div class=\"elementor-element elementor-element-8122476 e-con-full e-flex e-con e-child\" data-id=\"8122476\" data-element_type=\"container\" data-e-type=\"container\">\n\t\t\t\t<div class=\"elementor-element elementor-element-7c0eeb2 elementor-widget elementor-widget-text-editor\" data-id=\"7c0eeb2\" data-element_type=\"widget\" data-e-type=\"widget\" data-no-translation=\"\" data-widget_type=\"text-editor.default\">\n\t\t\t\t<div class=\"elementor-widget-container\">\n\t\t\t\t\t<style>.elementor-element-7c0eeb2{display:none !important}<\/style>\t\t\t\t<\/div>\n\t\t\t\t<\/div>\n\t\t\t\t<div class=\"elementor-element elementor-element-2342e05 elementor-widget elementor-widget-text-editor\" data-id=\"2342e05\" data-element_type=\"widget\" data-e-type=\"widget\" data-no-translation=\"\" data-widget_type=\"text-editor.default\">\n\t\t\t\t<div class=\"elementor-widget-container\">\n\t\t\t\t\t\t\t\t\t<h4 class=\"x-el x-el-h4 c1-7q c1-2 c1-2o c1-2p c1-7r c1-3o c1-3p c1-33 c1-34 c1-9e c1-9f c1-2b c1-5e c1-7s c1-3y c1-7t c1-7u c1-7v c1-7w\" role=\"heading\" aria-level=\"4\" data-ux=\"ContentCardHeading\" data-aid=\"CONTENT_HEADLINE2_RENDERED\" data-typography=\"HeadingDelta\">Construir con Paja: Una Elecci\u00f3n Deliberada<\/h4>\t\t\t\t\t\t\t\t<\/div>\n\t\t\t\t<\/div>\n\t\t\t\t<div class=\"elementor-element elementor-element-4c2597a elementor-widget elementor-widget-image\" data-id=\"4c2597a\" data-element_type=\"widget\" data-e-type=\"widget\" data-widget_type=\"image.default\">\n\t\t\t\t<div class=\"elementor-widget-container\">\n\t\t\t\t\t\t\t\t\t\t\t\t\t\t\t<img decoding=\"async\" width=\"800\" height=\"719\" src=\"https:\/\/asr-arquitecto.es\/wp-content\/uploads\/2025\/03\/detalle-seccion-muro-paja-1024x920.png\" class=\"attachment-large size-large wp-image-2313\" alt=\"\" srcset=\"https:\/\/asr-arquitecto.es\/wp-content\/uploads\/2025\/03\/detalle-seccion-muro-paja-1024x920.png 1024w, https:\/\/asr-arquitecto.es\/wp-content\/uploads\/2025\/03\/detalle-seccion-muro-paja-300x270.png 300w, https:\/\/asr-arquitecto.es\/wp-content\/uploads\/2025\/03\/detalle-seccion-muro-paja-768x690.png 768w, https:\/\/asr-arquitecto.es\/wp-content\/uploads\/2025\/03\/detalle-seccion-muro-paja-1536x1380.png 1536w, https:\/\/asr-arquitecto.es\/wp-content\/uploads\/2025\/03\/detalle-seccion-muro-paja-13x12.png 13w, https:\/\/asr-arquitecto.es\/wp-content\/uploads\/2025\/03\/detalle-seccion-muro-paja-600x539.png 600w, https:\/\/asr-arquitecto.es\/wp-content\/uploads\/2025\/03\/detalle-seccion-muro-paja.png 1615w\" sizes=\"(max-width: 800px) 100vw, 800px\" \/>\t\t\t\t\t\t\t\t\t\t\t\t\t\t\t<\/div>\n\t\t\t\t<\/div>\n\t\t\t\t<div class=\"elementor-element elementor-element-6b3805e elementor-widget elementor-widget-text-editor\" data-id=\"6b3805e\" data-element_type=\"widget\" data-e-type=\"widget\" data-no-translation=\"\" data-widget_type=\"text-editor.default\">\n\t\t\t\t<div class=\"elementor-widget-container\">\n\t\t\t\t\t<style>.elementor-element-6b3805e{display:none !important}<\/style>\t\t\t\t<\/div>\n\t\t\t\t<\/div>\n\t\t\t\t<div class=\"elementor-element elementor-element-a3c5266 elementor-widget elementor-widget-text-editor\" data-id=\"a3c5266\" data-element_type=\"widget\" data-e-type=\"widget\" data-no-translation=\"\" data-widget_type=\"text-editor.default\">\n\t\t\t\t<div class=\"elementor-widget-container\">\n\t\t\t\t\t\t\t\t\t<p><strong data-start=\"97\" data-end=\"145\">La paja es un material con futuro.<\/strong> Su uso en muros portantes al estilo Nebraska permite que la casa sea:<\/p><p class=\"\" data-start=\"217\" data-end=\"732\"><strong style=\"color: var( --e-global-color-primary ); font-family: var( --e-global-typography-text-font-family ), Sans-serif; text-align: var(--text-align); font-size: 1rem;\" data-start=\"217\" data-end=\"240\">&#8211;\u00a0<\/strong><strong style=\"color: var( --e-global-color-primary ); font-family: var( --e-global-typography-text-font-family ), Sans-serif; text-align: var(--text-align); font-size: 1rem;\" data-start=\"217\" data-end=\"240\">Altamente aislante:<\/strong><span style=\"color: var( --e-global-color-primary ); font-family: var( --e-global-typography-text-font-family ), Sans-serif; font-weight: var( --e-global-typography-text-font-weight ); text-align: var(--text-align); font-size: 1rem;\"> Los muros gruesos ofrecen inercia t\u00e9rmica, manteniendo temperaturas interiores estables con un m\u00ednimo consumo energ\u00e9tico.<\/span><\/p><p class=\"\" data-start=\"217\" data-end=\"732\"><strong data-start=\"365\" data-end=\"387\">&#8211; Econ\u00f3mica y local:<\/strong> Los fardos de paja son de bajo coste, est\u00e1n ampliamente disponibles y permiten la autoconstrucci\u00f3n, reforzando as\u00ed la filosof\u00eda de una construcci\u00f3n accesible y participativa.<\/p><p class=\"\" data-start=\"217\" data-end=\"732\"><strong data-start=\"565\" data-end=\"595\">&#8211; Biodegradable y no t\u00f3xica:<\/strong> Una casa que, si se deja al paso del tiempo, se descompondr\u00eda de nuevo en la tierra\u2014una arquitectura que no deja residuos, solo memoria.<\/p>\t\t\t\t\t\t\t\t<\/div>\n\t\t\t\t<\/div>\n\t\t\t\t<\/div>\n\t\t\t\t\t<\/div>\n\t\t\t\t<\/div>\n\t\t<div class=\"elementor-element elementor-element-cb925cb e-flex e-con-boxed e-con e-parent\" data-id=\"cb925cb\" data-element_type=\"container\" data-e-type=\"container\">\n\t\t\t\t\t<div class=\"e-con-inner\">\n\t\t<div class=\"elementor-element elementor-element-1145272 e-con-full e-flex e-con e-child\" data-id=\"1145272\" data-element_type=\"container\" data-e-type=\"container\">\n\t\t\t\t<div class=\"elementor-element elementor-element-88e31fe elementor-widget elementor-widget-text-editor\" data-id=\"88e31fe\" data-element_type=\"widget\" data-e-type=\"widget\" data-no-translation=\"\" data-widget_type=\"text-editor.default\">\n\t\t\t\t<div class=\"elementor-widget-container\">\n\t\t\t\t\t<style>.elementor-element-88e31fe{display:none !important}<\/style>\t\t\t\t<\/div>\n\t\t\t\t<\/div>\n\t\t\t\t<div class=\"elementor-element elementor-element-ec73ad5 elementor-widget elementor-widget-text-editor\" data-id=\"ec73ad5\" data-element_type=\"widget\" data-e-type=\"widget\" data-no-translation=\"\" data-widget_type=\"text-editor.default\">\n\t\t\t\t<div class=\"elementor-widget-container\">\n\t\t\t\t\t\t\t\t\t<div class=\"x-el x-el-div c1-1 c1-2 c1-4 c1-l c1-9k c1-b c1-c c1-9l c1-d c1-14 c1-e c1-h c1-i\" data-ux=\"Block\"><h4 class=\"x-el x-el-h4 c1-7q c1-2 c1-2o c1-2p c1-7r c1-3o c1-3p c1-33 c1-34 c1-9e c1-9f c1-1f c1-w c1-2b c1-5e c1-7s c1-3y c1-9m c1-7t c1-9n c1-7u c1-7v c1-7w\" role=\"heading\" aria-level=\"4\" data-ux=\"ContentCardHeading\" data-aid=\"CONTENT_HEADLINE1_RENDERED\" data-typography=\"HeadingDelta\">Un Sistema Vivo<\/h4><\/div>\t\t\t\t\t\t\t\t<\/div>\n\t\t\t\t<\/div>\n\t\t\t\t<div class=\"elementor-element elementor-element-0b620b2 elementor-widget elementor-widget-image\" data-id=\"0b620b2\" data-element_type=\"widget\" data-e-type=\"widget\" data-widget_type=\"image.default\">\n\t\t\t\t<div class=\"elementor-widget-container\">\n\t\t\t\t\t\t\t\t\t\t\t\t\t\t\t<img decoding=\"async\" width=\"800\" height=\"450\" src=\"https:\/\/asr-arquitecto.es\/wp-content\/uploads\/2025\/02\/Lumion-Renders_7-Photo-1024x576.jpg\" class=\"attachment-large size-large wp-image-771\" alt=\"\" srcset=\"https:\/\/asr-arquitecto.es\/wp-content\/uploads\/2025\/02\/Lumion-Renders_7-Photo-1024x576.jpg 1024w, https:\/\/asr-arquitecto.es\/wp-content\/uploads\/2025\/02\/Lumion-Renders_7-Photo-300x169.jpg 300w, https:\/\/asr-arquitecto.es\/wp-content\/uploads\/2025\/02\/Lumion-Renders_7-Photo-768x432.jpg 768w, https:\/\/asr-arquitecto.es\/wp-content\/uploads\/2025\/02\/Lumion-Renders_7-Photo-1536x864.jpg 1536w, https:\/\/asr-arquitecto.es\/wp-content\/uploads\/2025\/02\/Lumion-Renders_7-Photo-2048x1152.jpg 2048w, https:\/\/asr-arquitecto.es\/wp-content\/uploads\/2025\/02\/Lumion-Renders_7-Photo-600x338.jpg 600w\" sizes=\"(max-width: 800px) 100vw, 800px\" \/>\t\t\t\t\t\t\t\t\t\t\t\t\t\t\t<\/div>\n\t\t\t\t<\/div>\n\t\t\t\t<div class=\"elementor-element elementor-element-ff94e0f elementor-widget elementor-widget-text-editor\" data-id=\"ff94e0f\" data-element_type=\"widget\" data-e-type=\"widget\" data-no-translation=\"\" data-widget_type=\"text-editor.default\">\n\t\t\t\t<div class=\"elementor-widget-container\">\n\t\t\t\t\t<style>.elementor-element-ff94e0f{display:none !important}<\/style>\t\t\t\t<\/div>\n\t\t\t\t<\/div>\n\t\t\t\t<div class=\"elementor-element elementor-element-e02991e elementor-widget elementor-widget-text-editor\" data-id=\"e02991e\" data-element_type=\"widget\" data-e-type=\"widget\" data-no-translation=\"\" data-widget_type=\"text-editor.default\">\n\t\t\t\t<div class=\"elementor-widget-container\">\n\t\t\t\t\t\t\t\t\t<p class=\"\" data-start=\"104\" data-end=\"168\"><strong data-start=\"104\" data-end=\"168\">Esta casa no consume: participa en los ciclos de su entorno.<\/strong><\/p><ul><li data-start=\"170\" data-end=\"679\">El agua de lluvia se capta y se reutiliza, recogida a trav\u00e9s de la cubierta suavemente inclinada.<br data-start=\"267\" data-end=\"270\" \/><br \/><\/li><li data-start=\"170\" data-end=\"679\">El flujo del aire est\u00e1 coreografiado: los muros de alta inercia t\u00e9rmica regulan la temperatura mientras las aberturas estrat\u00e9gicas permiten la ventilaci\u00f3n cruzada.<br data-start=\"433\" data-end=\"436\" \/><br \/><\/li><li data-start=\"170\" data-end=\"679\">El l\u00edmite entre la vida humana y no humana se disuelve, con transiciones directas entre la casa y el terreno abierto, espacios compartidos entre habitantes y animales, y una arquitectura que se extiende en el paisaje en lugar de interrumpirlo.<\/li><\/ul>\t\t\t\t\t\t\t\t<\/div>\n\t\t\t\t<\/div>\n\t\t\t\t<\/div>\n\t\t<div class=\"elementor-element elementor-element-ad92d26 e-con-full e-flex e-con e-child\" data-id=\"ad92d26\" data-element_type=\"container\" data-e-type=\"container\">\n\t\t\t\t<div class=\"elementor-element elementor-element-567ee53 elementor-widget elementor-widget-text-editor\" data-id=\"567ee53\" data-element_type=\"widget\" data-e-type=\"widget\" data-no-translation=\"\" data-widget_type=\"text-editor.default\">\n\t\t\t\t<div class=\"elementor-widget-container\">\n\t\t\t\t\t<style>.elementor-element-567ee53{display:none !important}<\/style>\t\t\t\t<\/div>\n\t\t\t\t<\/div>\n\t\t\t\t<div class=\"elementor-element elementor-element-27a79b5 elementor-widget elementor-widget-text-editor\" data-id=\"27a79b5\" data-element_type=\"widget\" data-e-type=\"widget\" data-no-translation=\"\" data-widget_type=\"text-editor.default\">\n\t\t\t\t<div class=\"elementor-widget-container\">\n\t\t\t\t\t\t\t\t\t<div class=\"x-el x-el-div c1-1 c1-2 c1-4 c1-l c1-9k c1-b c1-c c1-9l c1-d c1-14 c1-e c1-h c1-i\" data-ux=\"Block\"><h4 class=\"x-el x-el-h4 c1-7q c1-2 c1-2o c1-2p c1-7r c1-3o c1-3p c1-33 c1-34 c1-9e c1-9f c1-1f c1-w c1-2b c1-5e c1-7s c1-3y c1-9m c1-7t c1-9n c1-7u c1-7v c1-7w\" role=\"heading\" aria-level=\"4\" data-ux=\"ContentCardHeading\" data-aid=\"CONTENT_HEADLINE2_RENDERED\" data-typography=\"HeadingDelta\">Un Hogar como Refugio, como Amparo, como Tierra<\/h4><\/div>\t\t\t\t\t\t\t\t<\/div>\n\t\t\t\t<\/div>\n\t\t\t\t<div class=\"elementor-element elementor-element-83d356f elementor-widget elementor-widget-image\" data-id=\"83d356f\" data-element_type=\"widget\" data-e-type=\"widget\" data-widget_type=\"image.default\">\n\t\t\t\t<div class=\"elementor-widget-container\">\n\t\t\t\t\t\t\t\t\t\t\t\t\t\t\t<img loading=\"lazy\" decoding=\"async\" width=\"800\" height=\"566\" src=\"https:\/\/asr-arquitecto.es\/wp-content\/uploads\/2025\/03\/SECTION-1-StrawHouse-1024x724.png\" class=\"attachment-large size-large wp-image-2327\" alt=\"\" srcset=\"https:\/\/asr-arquitecto.es\/wp-content\/uploads\/2025\/03\/SECTION-1-StrawHouse-1024x724.png 1024w, https:\/\/asr-arquitecto.es\/wp-content\/uploads\/2025\/03\/SECTION-1-StrawHouse-300x212.png 300w, https:\/\/asr-arquitecto.es\/wp-content\/uploads\/2025\/03\/SECTION-1-StrawHouse-768x543.png 768w, https:\/\/asr-arquitecto.es\/wp-content\/uploads\/2025\/03\/SECTION-1-StrawHouse-1536x1086.png 1536w, https:\/\/asr-arquitecto.es\/wp-content\/uploads\/2025\/03\/SECTION-1-StrawHouse-2048x1448.png 2048w, https:\/\/asr-arquitecto.es\/wp-content\/uploads\/2025\/03\/SECTION-1-StrawHouse-18x12.png 18w, https:\/\/asr-arquitecto.es\/wp-content\/uploads\/2025\/03\/SECTION-1-StrawHouse-600x424.png 600w\" sizes=\"(max-width: 800px) 100vw, 800px\" \/>\t\t\t\t\t\t\t\t\t\t\t\t\t\t\t<\/div>\n\t\t\t\t<\/div>\n\t\t\t\t<div class=\"elementor-element elementor-element-79a4135 elementor-widget elementor-widget-text-editor\" data-id=\"79a4135\" data-element_type=\"widget\" data-e-type=\"widget\" data-no-translation=\"\" data-widget_type=\"text-editor.default\">\n\t\t\t\t<div class=\"elementor-widget-container\">\n\t\t\t\t\t<style>.elementor-element-79a4135{display:none !important}<\/style>\t\t\t\t<\/div>\n\t\t\t\t<\/div>\n\t\t\t\t<div class=\"elementor-element elementor-element-6015382 elementor-widget elementor-widget-text-editor\" data-id=\"6015382\" data-element_type=\"widget\" data-e-type=\"widget\" data-no-translation=\"\" data-widget_type=\"text-editor.default\">\n\t\t\t\t<div class=\"elementor-widget-container\">\n\t\t\t\t\t\t\t\t\t<p class=\"\" data-start=\"124\" data-end=\"336\">La Casa de Paja no es simplemente una vivienda de bajo impacto\u2014es un argumento a favor de otra forma de construir, de habitar. Es <b>modesta en escala pero ambiciosa en filosof\u00eda<\/b>, demostrando que una casa puede ser:<\/p>\n<ul>\n<li><b>Autosuficiente<\/b><\/li>\n<li><b>Asequible<\/b><\/li>\n<li><b>Sensible a su entorno<\/b><\/li>\n<li><b>Y profundamente humana<\/b><\/li>\n<\/ul><div><br><\/div>\n<p>Es <b>una arquitectura silenciosa, donde lo m\u00e1s radical no es su forma, sino su capacidad de existir<\/b>, simplemente, como parte de la tierra y no encima de ella.<\/p>\t\t\t\t\t\t\t\t<\/div>\n\t\t\t\t<\/div>\n\t\t\t\t<\/div>\n\t\t\t\t\t<\/div>\n\t\t\t\t<\/div>\n\t\t\t\t<\/div>","protected":false},"excerpt":{"rendered":"<p>Straw house A Home Rooted in the Earth This project is more than a house\u2014it is a statement on sustainability, autonomy, and architecture as an extension of nature. Built on the land,\u00a0embedded in its surroundings, the Straw House is the epitome of\u00a0passive design, where every element contributes to efficiency, resilience, and harmony with the environment. [&hellip;]<\/p>\n","protected":false},"author":1,"featured_media":0,"parent":0,"menu_order":0,"comment_status":"closed","ping_status":"closed","template":"elementor_theme","meta":{"_eb_attr":"","_uag_custom_page_level_css":"","footnotes":""},"class_list":["post-1614","page","type-page","status-publish","hentry"],"aioseo_notices":[],"uagb_featured_image_src":{"full":false,"thumbnail":false,"medium":false,"medium_large":false,"large":false,"1536x1536":false,"2048x2048":false,"trp-custom-language-flag":false,"qi_addons_for_elementor_image_size_square":false,"qi_addons_for_elementor_image_size_landscape":false,"qi_addons_for_elementor_image_size_portrait":false,"qi_addons_for_elementor_image_size_huge-square":false},"uagb_author_info":{"display_name":"santos.alonso@gmail.com","author_link":"https:\/\/asr-arquitecto.es\/es\/author\/santos-alonsogmail-com\/"},"uagb_comment_info":0,"uagb_excerpt":"Straw house A Home Rooted in the Earth This project is more than a house\u2014it is a statement on sustainability, autonomy, and architecture as an extension of nature. Built on the land,\u00a0embedded in its surroundings, the Straw House is the epitome of\u00a0passive design, where every element contributes to efficiency, resilience, and harmony with the environment.&hellip;","_links":{"self":[{"href":"https:\/\/asr-arquitecto.es\/es\/wp-json\/wp\/v2\/pages\/1614","targetHints":{"allow":["GET"]}}],"collection":[{"href":"https:\/\/asr-arquitecto.es\/es\/wp-json\/wp\/v2\/pages"}],"about":[{"href":"https:\/\/asr-arquitecto.es\/es\/wp-json\/wp\/v2\/types\/page"}],"author":[{"embeddable":true,"href":"https:\/\/asr-arquitecto.es\/es\/wp-json\/wp\/v2\/users\/1"}],"replies":[{"embeddable":true,"href":"https:\/\/asr-arquitecto.es\/es\/wp-json\/wp\/v2\/comments?post=1614"}],"version-history":[{"count":20,"href":"https:\/\/asr-arquitecto.es\/es\/wp-json\/wp\/v2\/pages\/1614\/revisions"}],"predecessor-version":[{"id":3201,"href":"https:\/\/asr-arquitecto.es\/es\/wp-json\/wp\/v2\/pages\/1614\/revisions\/3201"}],"wp:attachment":[{"href":"https:\/\/asr-arquitecto.es\/es\/wp-json\/wp\/v2\/media?parent=1614"}],"curies":[{"name":"wp","href":"https:\/\/api.w.org\/{rel}","templated":true}]}}