{"id":2253,"date":"2025-03-07T09:37:07","date_gmt":"2025-03-07T09:37:07","guid":{"rendered":"https:\/\/asr-arquitecto.es\/?page_id=2253"},"modified":"2025-04-06T17:32:09","modified_gmt":"2025-04-06T17:32:09","slug":"glampers","status":"publish","type":"page","link":"https:\/\/asr-arquitecto.es\/es\/glampers\/","title":{"rendered":"Glampers"},"content":{"rendered":"<div data-elementor-type=\"wp-page\" data-elementor-id=\"2253\" class=\"elementor elementor-2253\" data-elementor-post-type=\"page\">\n\t\t\t\t<div class=\"elementor-element elementor-element-d2ee3da e-con-full e-flex e-con e-parent\" data-id=\"d2ee3da\" data-element_type=\"container\" data-e-type=\"container\">\n\t\t\t\t<div class=\"elementor-element elementor-element-51058b3 elementor-widget elementor-widget-heading\" data-id=\"51058b3\" data-element_type=\"widget\" data-e-type=\"widget\" data-no-translation=\"\" data-widget_type=\"heading.default\">\n\t\t\t\t<div class=\"elementor-widget-container\">\n\t\t\t\t\t<style>.elementor-element-51058b3{display:none !important}<\/style>\t\t\t\t<\/div>\n\t\t\t\t<\/div>\n\t\t\t\t<div class=\"elementor-element elementor-element-cd691a0 elementor-widget elementor-widget-heading\" data-id=\"cd691a0\" data-element_type=\"widget\" data-e-type=\"widget\" data-no-translation=\"\" data-widget_type=\"heading.default\">\n\t\t\t\t<div class=\"elementor-widget-container\">\n\t\t\t\t\t<h3 class=\"elementor-heading-title elementor-size-default\">Glampers \u2013 Prototipos de Viviendas Tensadas<\/h3>\t\t\t\t<\/div>\n\t\t\t\t<\/div>\n\t\t\t\t<\/div>\n\t\t<div class=\"elementor-element elementor-element-d669e22 e-flex e-con-boxed e-con e-parent\" data-id=\"d669e22\" data-element_type=\"container\" data-e-type=\"container\">\n\t\t\t\t\t<div class=\"e-con-inner\">\n\t\t\t\t<div class=\"elementor-element elementor-element-08190e1 elementor-widget elementor-widget-html\" data-id=\"08190e1\" data-element_type=\"widget\" data-e-type=\"widget\" data-widget_type=\"html.default\">\n\t\t\t\t<div class=\"elementor-widget-container\">\n\t\t\t\t\t\t\t\t\t<\/div>\n\t\t\t\t<\/div>\n\t\t\t\t\t<\/div>\n\t\t\t\t<\/div>\n\t\t<div class=\"elementor-element elementor-element-c6c3229 e-flex e-con-boxed e-con e-parent\" data-id=\"c6c3229\" data-element_type=\"container\" data-e-type=\"container\">\n\t\t\t\t\t<div class=\"e-con-inner\">\n\t\t<div class=\"elementor-element elementor-element-1ea9cce e-con-full e-flex e-con e-child\" data-id=\"1ea9cce\" data-element_type=\"container\" data-e-type=\"container\">\n\t\t\t\t<div class=\"elementor-element elementor-element-3a30c30 elementor-widget elementor-widget-image\" data-id=\"3a30c30\" data-element_type=\"widget\" data-e-type=\"widget\" data-widget_type=\"image.default\">\n\t\t\t\t<div class=\"elementor-widget-container\">\n\t\t\t\t\t\t\t\t\t\t\t\t\t\t\t<img fetchpriority=\"high\" decoding=\"async\" width=\"800\" height=\"305\" src=\"https:\/\/asr-arquitecto.es\/wp-content\/uploads\/2025\/02\/THe-Desert-Fox-1024x391.jpg\" class=\"attachment-large size-large wp-image-1782\" alt=\"\" srcset=\"https:\/\/asr-arquitecto.es\/wp-content\/uploads\/2025\/02\/THe-Desert-Fox-1024x391.jpg 1024w, https:\/\/asr-arquitecto.es\/wp-content\/uploads\/2025\/02\/THe-Desert-Fox-300x115.jpg 300w, https:\/\/asr-arquitecto.es\/wp-content\/uploads\/2025\/02\/THe-Desert-Fox-768x293.jpg 768w, https:\/\/asr-arquitecto.es\/wp-content\/uploads\/2025\/02\/THe-Desert-Fox-18x7.jpg 18w, https:\/\/asr-arquitecto.es\/wp-content\/uploads\/2025\/02\/THe-Desert-Fox-600x229.jpg 600w, https:\/\/asr-arquitecto.es\/wp-content\/uploads\/2025\/02\/THe-Desert-Fox.jpg 1461w\" sizes=\"(max-width: 800px) 100vw, 800px\" \/>\t\t\t\t\t\t\t\t\t\t\t\t\t\t\t<\/div>\n\t\t\t\t<\/div>\n\t\t\t\t<\/div>\n\t\t<div class=\"elementor-element elementor-element-ed78f46 e-con-full e-flex e-con e-child\" data-id=\"ed78f46\" data-element_type=\"container\" data-e-type=\"container\">\n\t\t\t\t<div class=\"elementor-element elementor-element-e70e4ae elementor-widget elementor-widget-text-editor\" data-id=\"e70e4ae\" data-element_type=\"widget\" data-e-type=\"widget\" data-no-translation=\"\" data-widget_type=\"text-editor.default\">\n\t\t\t\t<div class=\"elementor-widget-container\">\n\t\t\t\t\t<style>.elementor-element-e70e4ae{display:none !important}<\/style>\t\t\t\t<\/div>\n\t\t\t\t<\/div>\n\t\t\t\t<div class=\"elementor-element elementor-element-ebf6ae0 elementor-widget elementor-widget-text-editor\" data-id=\"ebf6ae0\" data-element_type=\"widget\" data-e-type=\"widget\" data-no-translation=\"\" data-widget_type=\"text-editor.default\">\n\t\t\t\t<div class=\"elementor-widget-container\">\n\t\t\t\t\t\t\t\t\t<p>El <strong data-start=\"89\" data-end=\"110\">Prototipo Glamper<\/strong> representa un enfoque innovador para espacios habitables temporales o semipermanentes, fusionando los principios de la arquitectura tensada con sistemas modulares de tiendas de lujo. Desarrollado durante el trabajo en <strong data-start=\"329\" data-end=\"342\">Tentickle<\/strong>, en Ciudad del Cabo, este proyecto buscaba redefinir el concepto de <em data-start=\"411\" data-end=\"421\">glamping<\/em> (camping con glamour), mediante el dise\u00f1o de una <strong data-start=\"471\" data-end=\"515\">vivienda tensada completamente integrada<\/strong>, f\u00e1cil de transportar y montar, sin renunciar a un alto nivel de confort.<\/p>\t\t\t\t\t\t\t\t<\/div>\n\t\t\t\t<\/div>\n\t\t\t\t<\/div>\n\t\t\t\t\t<\/div>\n\t\t\t\t<\/div>\n\t\t<div class=\"elementor-element elementor-element-2382993 e-flex e-con-boxed e-con e-parent\" data-id=\"2382993\" data-element_type=\"container\" data-e-type=\"container\" data-settings=\"{&quot;background_background&quot;:&quot;classic&quot;}\">\n\t\t\t\t\t<div class=\"e-con-inner\">\n\t\t<div class=\"elementor-element elementor-element-37ef41a e-con-full e-flex e-con e-child\" data-id=\"37ef41a\" data-element_type=\"container\" data-e-type=\"container\">\n\t\t\t\t<div class=\"elementor-element elementor-element-b721bf1 elementor-widget elementor-widget-image\" data-id=\"b721bf1\" data-element_type=\"widget\" data-e-type=\"widget\" data-widget_type=\"image.default\">\n\t\t\t\t<div class=\"elementor-widget-container\">\n\t\t\t\t\t\t\t\t\t\t\t\t\t\t\t<img decoding=\"async\" width=\"800\" height=\"217\" src=\"https:\/\/asr-arquitecto.es\/wp-content\/uploads\/2025\/03\/IMG_20170707_153247-1024x278.jpg\" class=\"attachment-large size-large wp-image-2255\" alt=\"\" srcset=\"https:\/\/asr-arquitecto.es\/wp-content\/uploads\/2025\/03\/IMG_20170707_153247-1024x278.jpg 1024w, https:\/\/asr-arquitecto.es\/wp-content\/uploads\/2025\/03\/IMG_20170707_153247-300x82.jpg 300w, https:\/\/asr-arquitecto.es\/wp-content\/uploads\/2025\/03\/IMG_20170707_153247-768x209.jpg 768w, https:\/\/asr-arquitecto.es\/wp-content\/uploads\/2025\/03\/IMG_20170707_153247-1536x418.jpg 1536w, https:\/\/asr-arquitecto.es\/wp-content\/uploads\/2025\/03\/IMG_20170707_153247-18x5.jpg 18w, https:\/\/asr-arquitecto.es\/wp-content\/uploads\/2025\/03\/IMG_20170707_153247-600x163.jpg 600w, https:\/\/asr-arquitecto.es\/wp-content\/uploads\/2025\/03\/IMG_20170707_153247.jpg 1824w\" sizes=\"(max-width: 800px) 100vw, 800px\" \/>\t\t\t\t\t\t\t\t\t\t\t\t\t\t\t<\/div>\n\t\t\t\t<\/div>\n\t\t\t\t<\/div>\n\t\t<div class=\"elementor-element elementor-element-9a85391 e-con-full e-flex e-con e-child\" data-id=\"9a85391\" data-element_type=\"container\" data-e-type=\"container\">\n\t\t\t\t<div class=\"elementor-element elementor-element-b7eb1d4 elementor-widget elementor-widget-text-editor\" data-id=\"b7eb1d4\" data-element_type=\"widget\" data-e-type=\"widget\" data-no-translation=\"\" data-widget_type=\"text-editor.default\">\n\t\t\t\t<div class=\"elementor-widget-container\">\n\t\t\t\t\t<style>.elementor-element-b7eb1d4{display:none !important}<\/style>\t\t\t\t<\/div>\n\t\t\t\t<\/div>\n\t\t\t\t<div class=\"elementor-element elementor-element-e12ba7d elementor-widget elementor-widget-text-editor\" data-id=\"e12ba7d\" data-element_type=\"widget\" data-e-type=\"widget\" data-no-translation=\"\" data-widget_type=\"text-editor.default\">\n\t\t\t\t<div class=\"elementor-widget-container\">\n\t\t\t\t\t\t\t\t\t<p>La estructura se compone de un <strong data-start=\"97\" data-end=\"115\">armaz\u00f3n ligero<\/strong> combinado con <strong data-start=\"130\" data-end=\"148\">tejido tensado<\/strong>, creando un refugio adaptable que maximiza la ventilaci\u00f3n natural y la protecci\u00f3n frente a los elementos. La membrana tensada es resistente a los rayos UV, impermeable y tratada contra hongos, lo que garantiza su durabilidad incluso en entornos extremos.<\/p>\t\t\t\t\t\t\t\t<\/div>\n\t\t\t\t<\/div>\n\t\t\t\t<\/div>\n\t\t\t\t\t<\/div>\n\t\t\t\t<\/div>\n\t\t<div class=\"elementor-element elementor-element-1f3b742 e-flex e-con-boxed e-con e-parent\" data-id=\"1f3b742\" data-element_type=\"container\" data-e-type=\"container\">\n\t\t\t\t\t<div class=\"e-con-inner\">\n\t\t<div class=\"elementor-element elementor-element-1f01720 e-con-full e-flex e-con e-child\" data-id=\"1f01720\" data-element_type=\"container\" data-e-type=\"container\">\n\t\t\t\t<div class=\"elementor-element elementor-element-293119f elementor-widget elementor-widget-text-editor\" data-id=\"293119f\" data-element_type=\"widget\" data-e-type=\"widget\" data-no-translation=\"\" data-widget_type=\"text-editor.default\">\n\t\t\t\t<div class=\"elementor-widget-container\">\n\t\t\t\t\t<style>.elementor-element-293119f{display:none !important}<\/style>\t\t\t\t<\/div>\n\t\t\t\t<\/div>\n\t\t\t\t<div class=\"elementor-element elementor-element-d9e8ef2 elementor-widget elementor-widget-text-editor\" data-id=\"d9e8ef2\" data-element_type=\"widget\" data-e-type=\"widget\" data-no-translation=\"\" data-widget_type=\"text-editor.default\">\n\t\t\t\t<div class=\"elementor-widget-container\">\n\t\t\t\t\t\t\t\t\t<h4>Estrategia Estructural<\/h4><ul><li><strong data-start=\"130\" data-end=\"151\">Cubierta Tensada:<\/strong> Una membrana textil altamente tecnificada, tensada sobre una estructura modular, dise\u00f1ada para resistir vientos fuertes y generar un interior abierto y ventilado.<\/li><li><strong data-start=\"317\" data-end=\"343\">Sistema de Estructura:<\/strong> El sistema estructural principal se compone de postes modulares de acero, aluminio o acero inoxidable marino, seg\u00fan las condiciones ambientales.<\/li><li><strong data-start=\"491\" data-end=\"514\">Sistema de Anclaje:<\/strong> La estructura se estabiliza mediante cables de tensi\u00f3n y anclajes profundos, evitando desplazamientos en terrenos diversos.<\/li><\/ul>\t\t\t\t\t\t\t\t<\/div>\n\t\t\t\t<\/div>\n\t\t\t\t<\/div>\n\t\t<div class=\"elementor-element elementor-element-4c13ea9 e-con-full e-flex e-con e-child\" data-id=\"4c13ea9\" data-element_type=\"container\" data-e-type=\"container\">\n\t\t\t\t<div class=\"elementor-element elementor-element-8c25e48 elementor-widget elementor-widget-image\" data-id=\"8c25e48\" data-element_type=\"widget\" data-e-type=\"widget\" data-widget_type=\"image.default\">\n\t\t\t\t<div class=\"elementor-widget-container\">\n\t\t\t\t\t\t\t\t\t\t\t\t\t\t\t<img decoding=\"async\" width=\"800\" height=\"314\" src=\"https:\/\/asr-arquitecto.es\/wp-content\/uploads\/2025\/02\/image-for-cover-1024x402.jpg\" class=\"attachment-large size-large wp-image-1363\" alt=\"\" srcset=\"https:\/\/asr-arquitecto.es\/wp-content\/uploads\/2025\/02\/image-for-cover-1024x402.jpg 1024w, https:\/\/asr-arquitecto.es\/wp-content\/uploads\/2025\/02\/image-for-cover-300x118.jpg 300w, https:\/\/asr-arquitecto.es\/wp-content\/uploads\/2025\/02\/image-for-cover-768x302.jpg 768w, https:\/\/asr-arquitecto.es\/wp-content\/uploads\/2025\/02\/image-for-cover-1536x604.jpg 1536w, https:\/\/asr-arquitecto.es\/wp-content\/uploads\/2025\/02\/image-for-cover-2048x805.jpg 2048w, https:\/\/asr-arquitecto.es\/wp-content\/uploads\/2025\/02\/image-for-cover-600x236.jpg 600w\" sizes=\"(max-width: 800px) 100vw, 800px\" \/>\t\t\t\t\t\t\t\t\t\t\t\t\t\t\t<\/div>\n\t\t\t\t<\/div>\n\t\t\t\t<\/div>\n\t\t\t\t\t<\/div>\n\t\t\t\t<\/div>\n\t\t<div class=\"elementor-element elementor-element-182c145 e-flex e-con-boxed e-con e-parent\" data-id=\"182c145\" data-element_type=\"container\" data-e-type=\"container\" data-settings=\"{&quot;background_background&quot;:&quot;classic&quot;}\">\n\t\t\t\t\t<div class=\"e-con-inner\">\n\t\t<div class=\"elementor-element elementor-element-5be91fd e-con-full e-flex e-con e-child\" data-id=\"5be91fd\" data-element_type=\"container\" data-e-type=\"container\">\n\t\t\t\t<div class=\"elementor-element elementor-element-425ee4f elementor-widget elementor-widget-image\" data-id=\"425ee4f\" data-element_type=\"widget\" data-e-type=\"widget\" data-widget_type=\"image.default\">\n\t\t\t\t<div class=\"elementor-widget-container\">\n\t\t\t\t\t\t\t\t\t\t\t\t\t\t\t<img loading=\"lazy\" decoding=\"async\" width=\"800\" height=\"600\" src=\"https:\/\/asr-arquitecto.es\/wp-content\/uploads\/2025\/03\/IMG_20170724_113711-1024x768.jpg\" class=\"attachment-large size-large wp-image-2256\" alt=\"\" srcset=\"https:\/\/asr-arquitecto.es\/wp-content\/uploads\/2025\/03\/IMG_20170724_113711-1024x768.jpg 1024w, https:\/\/asr-arquitecto.es\/wp-content\/uploads\/2025\/03\/IMG_20170724_113711-300x225.jpg 300w, https:\/\/asr-arquitecto.es\/wp-content\/uploads\/2025\/03\/IMG_20170724_113711-768x576.jpg 768w, https:\/\/asr-arquitecto.es\/wp-content\/uploads\/2025\/03\/IMG_20170724_113711-1536x1152.jpg 1536w, https:\/\/asr-arquitecto.es\/wp-content\/uploads\/2025\/03\/IMG_20170724_113711-2048x1536.jpg 2048w, https:\/\/asr-arquitecto.es\/wp-content\/uploads\/2025\/03\/IMG_20170724_113711-16x12.jpg 16w, https:\/\/asr-arquitecto.es\/wp-content\/uploads\/2025\/03\/IMG_20170724_113711-600x450.jpg 600w\" sizes=\"(max-width: 800px) 100vw, 800px\" \/>\t\t\t\t\t\t\t\t\t\t\t\t\t\t\t<\/div>\n\t\t\t\t<\/div>\n\t\t\t\t<\/div>\n\t\t<div class=\"elementor-element elementor-element-b52ae9e e-con-full e-flex e-con e-child\" data-id=\"b52ae9e\" data-element_type=\"container\" data-e-type=\"container\">\n\t\t\t\t<div class=\"elementor-element elementor-element-67f8b7d elementor-widget elementor-widget-text-editor\" data-id=\"67f8b7d\" data-element_type=\"widget\" data-e-type=\"widget\" data-no-translation=\"\" data-widget_type=\"text-editor.default\">\n\t\t\t\t<div class=\"elementor-widget-container\">\n\t\t\t\t\t<style>.elementor-element-67f8b7d{display:none !important}<\/style>\t\t\t\t<\/div>\n\t\t\t\t<\/div>\n\t\t\t\t<div class=\"elementor-element elementor-element-d076473 elementor-widget elementor-widget-text-editor\" data-id=\"d076473\" data-element_type=\"widget\" data-e-type=\"widget\" data-no-translation=\"\" data-widget_type=\"text-editor.default\">\n\t\t\t\t<div class=\"elementor-widget-container\">\n\t\t\t\t\t\t\t\t\t<h4 data-start=\"75\" data-end=\"404\">Interior y Funcionalidad<\/h4><p data-start=\"75\" data-end=\"404\">El espacio habitable est\u00e1 dise\u00f1ado para <strong data-start=\"146\" data-end=\"171\">maximizar la apertura<\/strong>, con vistas panor\u00e1micas y grandes ventanales cubiertos con <strong data-start=\"231\" data-end=\"276\">mosquiteras y paneles de PVC transparente<\/strong> para el control clim\u00e1tico. Las particiones interiores permiten una configuraci\u00f3n flexible del espacio, adapt\u00e1ndose a usos como:<\/p><ul data-start=\"406\" data-end=\"598\"><li class=\"\" data-start=\"406\" data-end=\"440\"><p class=\"\" data-start=\"408\" data-end=\"440\">Suites privadas de <em data-start=\"427\" data-end=\"437\">glamping<\/em>.<\/p><\/li><li class=\"\" data-start=\"441\" data-end=\"490\"><p class=\"\" data-start=\"443\" data-end=\"490\">Alojamientos ecol\u00f3gicos de lujo para turismo.<\/p><\/li><li class=\"\" data-start=\"491\" data-end=\"553\"><p class=\"\" data-start=\"493\" data-end=\"553\">Campamentos de safari o complejos tur\u00edsticos junto al mar.<\/p><\/li><li class=\"\" data-start=\"554\" data-end=\"598\"><p class=\"\" data-start=\"556\" data-end=\"598\">Viviendas de emergencia o fuera de la red.<\/p><\/li><\/ul>\t\t\t\t\t\t\t\t<\/div>\n\t\t\t\t<\/div>\n\t\t\t\t<\/div>\n\t\t\t\t\t<\/div>\n\t\t\t\t<\/div>\n\t\t<div class=\"elementor-element elementor-element-d80e31c e-flex e-con-boxed e-con e-parent\" data-id=\"d80e31c\" data-element_type=\"container\" data-e-type=\"container\">\n\t\t\t\t\t<div class=\"e-con-inner\">\n\t\t<div class=\"elementor-element elementor-element-8bfc5e0 e-con-full e-flex e-con e-child\" data-id=\"8bfc5e0\" data-element_type=\"container\" data-e-type=\"container\">\n\t\t\t\t<div class=\"elementor-element elementor-element-59916d7 elementor-widget elementor-widget-text-editor\" data-id=\"59916d7\" data-element_type=\"widget\" data-e-type=\"widget\" data-no-translation=\"\" data-widget_type=\"text-editor.default\">\n\t\t\t\t<div class=\"elementor-widget-container\">\n\t\t\t\t\t<style>.elementor-element-59916d7{display:none !important}<\/style>\t\t\t\t<\/div>\n\t\t\t\t<\/div>\n\t\t\t\t<div class=\"elementor-element elementor-element-426d755 elementor-widget elementor-widget-text-editor\" data-id=\"426d755\" data-element_type=\"widget\" data-e-type=\"widget\" data-no-translation=\"\" data-widget_type=\"text-editor.default\">\n\t\t\t\t<div class=\"elementor-widget-container\">\n\t\t\t\t\t\t\t\t\t<h4 data-start=\"111\" data-end=\"576\">Sostenibilidad y Practicidad<\/h4><ul><li data-start=\"111\" data-end=\"576\"><strong data-start=\"146\" data-end=\"179\">Impacto M\u00ednimo en el Terreno:<\/strong> La estructura est\u00e1 dise\u00f1ada para un montaje y desmontaje r\u00e1pidos sin alterar el suelo.<\/li><li data-start=\"111\" data-end=\"576\"><strong data-start=\"269\" data-end=\"299\">Sistema de Doble Cubierta:<\/strong> Una capa secundaria de malla de sombra reduce la absorci\u00f3n de calor y prolonga la vida \u00fatil de la membrana principal.<\/li><li data-start=\"111\" data-end=\"576\"><strong data-start=\"420\" data-end=\"449\">Compacto y Transportable:<\/strong> Los componentes est\u00e1n dise\u00f1ados para encajar en veh\u00edculos utilitarios est\u00e1ndar, lo que permite su despliegue en zonas remotas.<\/li><\/ul><p data-start=\"578\" data-end=\"1000\">\u00a0<\/p><p class=\"\" data-start=\"578\" data-end=\"1000\">Este proyecto form\u00f3 parte de una <strong data-start=\"611\" data-end=\"639\">investigaci\u00f3n m\u00e1s amplia<\/strong> sobre <strong data-start=\"646\" data-end=\"703\">sistemas de refugio adaptativo para entornos extremos<\/strong>, inspir\u00e1ndose tanto en las <strong data-start=\"731\" data-end=\"766\">tradiciones de tiendas beduinas<\/strong> como en las <strong data-start=\"779\" data-end=\"818\">estructuras tensadas contempor\u00e1neas<\/strong>. Los modelos <strong data-start=\"832\" data-end=\"847\">Eco Glamper<\/strong>, <strong data-start=\"849\" data-end=\"865\">Pano Glamper<\/strong> y <strong data-start=\"868\" data-end=\"882\">Desert Fox<\/strong> refinaron el concepto, ofreciendo <strong data-start=\"917\" data-end=\"947\">soluciones personalizables<\/strong> para distintos climas y necesidades de los usuarios.<\/p>\t\t\t\t\t\t\t\t<\/div>\n\t\t\t\t<\/div>\n\t\t\t\t<\/div>\n\t\t<div class=\"elementor-element elementor-element-5dfe621 e-con-full e-flex e-con e-child\" data-id=\"5dfe621\" data-element_type=\"container\" data-e-type=\"container\">\n\t\t\t\t<div class=\"elementor-element elementor-element-7d51383 elementor-widget elementor-widget-image\" data-id=\"7d51383\" data-element_type=\"widget\" data-e-type=\"widget\" data-widget_type=\"image.default\">\n\t\t\t\t<div class=\"elementor-widget-container\">\n\t\t\t\t\t\t\t\t\t\t\t\t\t\t\t<img loading=\"lazy\" decoding=\"async\" width=\"800\" height=\"600\" src=\"https:\/\/asr-arquitecto.es\/wp-content\/uploads\/2025\/03\/IMG_20170812_155515-1024x768.jpg\" class=\"attachment-large size-large wp-image-2257\" alt=\"\" srcset=\"https:\/\/asr-arquitecto.es\/wp-content\/uploads\/2025\/03\/IMG_20170812_155515-1024x768.jpg 1024w, https:\/\/asr-arquitecto.es\/wp-content\/uploads\/2025\/03\/IMG_20170812_155515-300x225.jpg 300w, https:\/\/asr-arquitecto.es\/wp-content\/uploads\/2025\/03\/IMG_20170812_155515-768x576.jpg 768w, https:\/\/asr-arquitecto.es\/wp-content\/uploads\/2025\/03\/IMG_20170812_155515-1536x1152.jpg 1536w, https:\/\/asr-arquitecto.es\/wp-content\/uploads\/2025\/03\/IMG_20170812_155515-2048x1536.jpg 2048w, https:\/\/asr-arquitecto.es\/wp-content\/uploads\/2025\/03\/IMG_20170812_155515-16x12.jpg 16w, https:\/\/asr-arquitecto.es\/wp-content\/uploads\/2025\/03\/IMG_20170812_155515-600x450.jpg 600w\" sizes=\"(max-width: 800px) 100vw, 800px\" \/>\t\t\t\t\t\t\t\t\t\t\t\t\t\t\t<\/div>\n\t\t\t\t<\/div>\n\t\t\t\t<\/div>\n\t\t\t\t\t<\/div>\n\t\t\t\t<\/div>\n\t\t<div class=\"elementor-element elementor-element-a009d74 e-flex e-con-boxed e-con e-parent\" data-id=\"a009d74\" data-element_type=\"container\" data-e-type=\"container\">\n\t\t\t\t\t<div class=\"e-con-inner\">\n\t\t\t\t<div class=\"elementor-element elementor-element-636cd8f elementor-pagination-type-bullets elementor-arrows-position-inside elementor-pagination-position-outside elementor-widget elementor-widget-loop-carousel\" data-id=\"636cd8f\" data-element_type=\"widget\" data-e-type=\"widget\" data-settings=\"{&quot;template_id&quot;:2283,&quot;_skin&quot;:&quot;post&quot;,&quot;slides_to_show&quot;:&quot;3&quot;,&quot;slides_to_show_tablet&quot;:&quot;2&quot;,&quot;slides_to_show_mobile&quot;:&quot;1&quot;,&quot;slides_to_scroll&quot;:&quot;1&quot;,&quot;edit_handle_selector&quot;:&quot;.elementor-loop-container&quot;,&quot;autoplay&quot;:&quot;yes&quot;,&quot;autoplay_speed&quot;:5000,&quot;pause_on_hover&quot;:&quot;yes&quot;,&quot;pause_on_interaction&quot;:&quot;yes&quot;,&quot;infinite&quot;:&quot;yes&quot;,&quot;speed&quot;:500,&quot;offset_sides&quot;:&quot;none&quot;,&quot;arrows&quot;:&quot;yes&quot;,&quot;pagination&quot;:&quot;bullets&quot;,&quot;image_spacing_custom&quot;:{&quot;unit&quot;:&quot;px&quot;,&quot;size&quot;:10,&quot;sizes&quot;:[]},&quot;image_spacing_custom_tablet&quot;:{&quot;unit&quot;:&quot;px&quot;,&quot;size&quot;:&quot;&quot;,&quot;sizes&quot;:[]},&quot;image_spacing_custom_mobile&quot;:{&quot;unit&quot;:&quot;px&quot;,&quot;size&quot;:&quot;&quot;,&quot;sizes&quot;:[]}}\" data-widget_type=\"loop-carousel.post\">\n\t\t\t\t<div class=\"elementor-widget-container\">\n\t\t\t\t\t\t\t<div class=\"swiper elementor-loop-container elementor-grid\" role=\"list\" dir=\"ltr\">\n\t\t\t\t<div class=\"swiper-wrapper\" aria-live=\"off\">\n\t\t<style id=\"loop-2283\"><\/style>\t\t<\/div>\n\t\t<\/div>\n\t\t\t\t\t<div class=\"elementor-swiper-button elementor-swiper-button-prev\" role=\"button\" tabindex=\"0\" aria-label=\"Previous\">\n\t\t\t\t<svg aria-hidden=\"true\" class=\"e-font-icon-svg e-eicon-chevron-left\" viewbox=\"0 0 1000 1000\" xmlns=\"http:\/\/www.w3.org\/2000\/svg\"><path d=\"M646 125C629 125 613 133 604 142L308 442C296 454 292 471 292 487 292 504 296 521 308 533L604 854C617 867 629 875 646 875 663 875 679 871 692 858 704 846 713 829 713 812 713 796 708 779 692 767L438 487 692 225C700 217 708 204 708 187 708 171 704 154 692 142 675 129 663 125 646 125Z\"><\/path><\/svg>\t\t\t<\/div>\n\t\t\t<div class=\"elementor-swiper-button elementor-swiper-button-next\" role=\"button\" tabindex=\"0\" aria-label=\"Next\">\n\t\t\t\t<svg aria-hidden=\"true\" class=\"e-font-icon-svg e-eicon-chevron-right\" viewbox=\"0 0 1000 1000\" xmlns=\"http:\/\/www.w3.org\/2000\/svg\"><path d=\"M696 533C708 521 713 504 713 487 713 471 708 454 696 446L400 146C388 133 375 125 354 125 338 125 325 129 313 142 300 154 292 171 292 187 292 204 296 221 308 233L563 492 304 771C292 783 288 800 288 817 288 833 296 850 308 863 321 871 338 875 354 875 371 875 388 867 400 854L696 533Z\"><\/path><\/svg>\t\t\t<\/div>\n\t\t\t\t\t<div class=\"swiper-pagination\"><\/div>\n\t\t\t\t\t\t<\/div>\n\t\t\t\t<\/div>\n\t\t\t\t\t<\/div>\n\t\t\t\t<\/div>\n\t\t\t\t<\/div>","protected":false},"excerpt":{"rendered":"<p>Glampers &#8211; Prototypes of tensile homes The\u00a0Glamper Prototype\u00a0represents an innovative approach to temporary and semi-permanent living spaces, merging the principles of tensile architecture with modular, luxury tent systems. Developed while working at\u00a0Tentickle\u00a0in Cape Town, this project aimed to redefine\u00a0glamping\u00a0(glamorous camping) by designing a\u00a0fully integrated tensile home\u00a0that could be easily transported and assembled while maintaining a [&hellip;]<\/p>\n","protected":false},"author":1,"featured_media":0,"parent":0,"menu_order":0,"comment_status":"closed","ping_status":"closed","template":"elementor_theme","meta":{"_eb_attr":"","_uag_custom_page_level_css":"","footnotes":""},"class_list":["post-2253","page","type-page","status-publish","hentry"],"aioseo_notices":[],"uagb_featured_image_src":{"full":false,"thumbnail":false,"medium":false,"medium_large":false,"large":false,"1536x1536":false,"2048x2048":false,"trp-custom-language-flag":false,"qi_addons_for_elementor_image_size_square":false,"qi_addons_for_elementor_image_size_landscape":false,"qi_addons_for_elementor_image_size_portrait":false,"qi_addons_for_elementor_image_size_huge-square":false},"uagb_author_info":{"display_name":"santos.alonso@gmail.com","author_link":"https:\/\/asr-arquitecto.es\/es\/author\/santos-alonsogmail-com\/"},"uagb_comment_info":0,"uagb_excerpt":"Glampers &#8211; Prototypes of tensile homes The\u00a0Glamper Prototype\u00a0represents an innovative approach to temporary and semi-permanent living spaces, merging the principles of tensile architecture with modular, luxury tent systems. Developed while working at\u00a0Tentickle\u00a0in Cape Town, this project aimed to redefine\u00a0glamping\u00a0(glamorous camping) by designing a\u00a0fully integrated tensile home\u00a0that could be easily transported and assembled while maintaining a&hellip;","_links":{"self":[{"href":"https:\/\/asr-arquitecto.es\/es\/wp-json\/wp\/v2\/pages\/2253","targetHints":{"allow":["GET"]}}],"collection":[{"href":"https:\/\/asr-arquitecto.es\/es\/wp-json\/wp\/v2\/pages"}],"about":[{"href":"https:\/\/asr-arquitecto.es\/es\/wp-json\/wp\/v2\/types\/page"}],"author":[{"embeddable":true,"href":"https:\/\/asr-arquitecto.es\/es\/wp-json\/wp\/v2\/users\/1"}],"replies":[{"embeddable":true,"href":"https:\/\/asr-arquitecto.es\/es\/wp-json\/wp\/v2\/comments?post=2253"}],"version-history":[{"count":26,"href":"https:\/\/asr-arquitecto.es\/es\/wp-json\/wp\/v2\/pages\/2253\/revisions"}],"predecessor-version":[{"id":3218,"href":"https:\/\/asr-arquitecto.es\/es\/wp-json\/wp\/v2\/pages\/2253\/revisions\/3218"}],"wp:attachment":[{"href":"https:\/\/asr-arquitecto.es\/es\/wp-json\/wp\/v2\/media?parent=2253"}],"curies":[{"name":"wp","href":"https:\/\/api.w.org\/{rel}","templated":true}]}}