{"id":2558,"date":"2025-03-08T21:15:02","date_gmt":"2025-03-08T21:15:02","guid":{"rendered":"https:\/\/asr-arquitecto.es\/?page_id=2558"},"modified":"2025-04-05T22:05:01","modified_gmt":"2025-04-05T22:05:01","slug":"sa-tanca","status":"publish","type":"page","link":"https:\/\/asr-arquitecto.es\/es\/sa-tanca\/","title":{"rendered":"Sa Tanca"},"content":{"rendered":"\t\t<div data-elementor-type=\"wp-page\" data-elementor-id=\"2558\" class=\"elementor elementor-2558\" data-elementor-post-type=\"page\">\n\t\t\t\t<div class=\"elementor-element elementor-element-ad984db e-flex e-con-boxed e-con e-parent\" data-id=\"ad984db\" data-element_type=\"container\" data-e-type=\"container\">\n\t\t\t\t\t<div class=\"e-con-inner\">\n\t\t<div class=\"elementor-element elementor-element-113b318 e-con-full e-flex e-con e-child\" data-id=\"113b318\" data-element_type=\"container\" data-e-type=\"container\">\n\t\t\t\t<div class=\"elementor-element elementor-element-f721842 elementor-widget elementor-widget-heading\" data-id=\"f721842\" data-element_type=\"widget\" data-e-type=\"widget\" data-no-translation=\"\" data-widget_type=\"heading.default\">\n\t\t\t\t<div class=\"elementor-widget-container\">\n\t\t\t\t\t<style>.elementor-element-f721842{display:none !important}<\/style>\t\t\t\t<\/div>\n\t\t\t\t<\/div>\n\t\t\t\t<div class=\"elementor-element elementor-element-940c692 elementor-widget elementor-widget-heading\" data-id=\"940c692\" data-element_type=\"widget\" data-e-type=\"widget\" data-no-translation=\"\" data-widget_type=\"heading.default\">\n\t\t\t\t<div class=\"elementor-widget-container\">\n\t\t\t\t\t<h3 class=\"elementor-heading-title elementor-size-default\">sa tanca<\/h3>\t\t\t\t<\/div>\n\t\t\t\t<\/div>\n\t\t\t\t<\/div>\n\t\t\t\t\t<\/div>\n\t\t\t\t<\/div>\n\t\t<div class=\"elementor-element elementor-element-6389d51 e-flex e-con-boxed e-con e-parent\" data-id=\"6389d51\" data-element_type=\"container\" data-e-type=\"container\">\n\t\t\t\t\t<div class=\"e-con-inner\">\n\t\t\t\t<div class=\"elementor-element elementor-element-c4d19b6 elementor-widget elementor-widget-image\" data-id=\"c4d19b6\" data-element_type=\"widget\" data-e-type=\"widget\" data-widget_type=\"image.default\">\n\t\t\t\t<div class=\"elementor-widget-container\">\n\t\t\t\t\t\t\t\t\t\t\t\t\t\t\t<img fetchpriority=\"high\" decoding=\"async\" width=\"800\" height=\"450\" src=\"https:\/\/asr-arquitecto.es\/wp-content\/uploads\/2025\/03\/Studio-Project-9-1024x576.png\" class=\"attachment-large size-large wp-image-2579\" alt=\"\" srcset=\"https:\/\/asr-arquitecto.es\/wp-content\/uploads\/2025\/03\/Studio-Project-9-1024x576.png 1024w, https:\/\/asr-arquitecto.es\/wp-content\/uploads\/2025\/03\/Studio-Project-9-300x169.png 300w, https:\/\/asr-arquitecto.es\/wp-content\/uploads\/2025\/03\/Studio-Project-9-768x432.png 768w, https:\/\/asr-arquitecto.es\/wp-content\/uploads\/2025\/03\/Studio-Project-9-1536x864.png 1536w, https:\/\/asr-arquitecto.es\/wp-content\/uploads\/2025\/03\/Studio-Project-9-2048x1152.png 2048w, https:\/\/asr-arquitecto.es\/wp-content\/uploads\/2025\/03\/Studio-Project-9-18x10.png 18w, https:\/\/asr-arquitecto.es\/wp-content\/uploads\/2025\/03\/Studio-Project-9-600x338.png 600w\" sizes=\"(max-width: 800px) 100vw, 800px\" \/>\t\t\t\t\t\t\t\t\t\t\t\t\t\t\t<\/div>\n\t\t\t\t<\/div>\n\t\t\t\t\t<\/div>\n\t\t\t\t<\/div>\n\t\t<div class=\"elementor-element elementor-element-09459d8 e-flex e-con-boxed e-con e-parent\" data-id=\"09459d8\" data-element_type=\"container\" data-e-type=\"container\">\n\t\t\t\t\t<div class=\"e-con-inner\">\n\t\t\t\t<div class=\"elementor-element elementor-element-0b7b034 elementor-widget elementor-widget-text-editor\" data-id=\"0b7b034\" data-element_type=\"widget\" data-e-type=\"widget\" data-no-translation=\"\" data-widget_type=\"text-editor.default\">\n\t\t\t\t<div class=\"elementor-widget-container\">\n\t\t\t\t\t<style>.elementor-element-0b7b034{display:none !important}<\/style>\t\t\t\t<\/div>\n\t\t\t\t<\/div>\n\t\t\t\t<div class=\"elementor-element elementor-element-d7cd912 elementor-widget elementor-widget-text-editor\" data-id=\"d7cd912\" data-element_type=\"widget\" data-e-type=\"widget\" data-no-translation=\"\" data-widget_type=\"text-editor.default\">\n\t\t\t\t<div class=\"elementor-widget-container\">\n\t\t\t\t\t\t\t\t\t<h4 class=\"x-el x-el-h4 c1-82 c1-2 c1-2o c1-2p c1-83 c1-3o c1-3p c1-33 c1-34 c1-2b c1-84 c1-85 c1-3y c1-86 c1-87 c1-88 c1-89\" role=\"heading\" aria-level=\"4\" data-ux=\"ContentHeading\" data-aid=\"CONTENT_HEADLINE1_RENDERED\" data-typography=\"HeadingDelta\"><span data-start=\"91\" data-end=\"126\">Sa Tanca: El Espacio que Espera.<\/span><\/h4><p class=\"x-el x-el-h4 c1-82 c1-2 c1-2o c1-2p c1-83 c1-3o c1-3p c1-33 c1-34 c1-2b c1-84 c1-85 c1-3y c1-86 c1-87 c1-88 c1-89\" role=\"heading\" aria-level=\"4\" data-ux=\"ContentHeading\" data-aid=\"CONTENT_HEADLINE1_RENDERED\" data-typography=\"HeadingDelta\">En el umbral de Sant Llu\u00eds, una estructura permanece en limbo\u2014Sa Tanca, un edificio que nunca lleg\u00f3 a nacer del todo, suspendido entre un fracaso pasado y un futuro a\u00fan por escribirse. Concebido como centro comercial en 2005, sucumbi\u00f3 al peso de la ambici\u00f3n especulativa y el colapso econ\u00f3mico. Durante a\u00f1os, permaneci\u00f3 intacto, un pensamiento inacabado en la entrada del pueblo, un vac\u00edo que resiste cualquier prop\u00f3sito.<\/p>\t\t\t\t\t\t\t\t<\/div>\n\t\t\t\t<\/div>\n\t\t\t\t\t<\/div>\n\t\t\t\t<\/div>\n\t\t<div class=\"elementor-element elementor-element-f19cb41 e-flex e-con-boxed e-con e-parent\" data-id=\"f19cb41\" data-element_type=\"container\" data-e-type=\"container\">\n\t\t\t\t\t<div class=\"e-con-inner\">\n\t\t\t\t<div class=\"elementor-element elementor-element-425c957 elementor-widget elementor-widget-text-editor\" data-id=\"425c957\" data-element_type=\"widget\" data-e-type=\"widget\" data-widget_type=\"text-editor.default\">\n\t\t\t\t<div class=\"elementor-widget-container\">\n\t\t\t\t\t\t\t\t\t<p><\/p>\t\t\t\t\t\t\t\t<\/div>\n\t\t\t\t<\/div>\n\t\t\t\t\t<\/div>\n\t\t\t\t<\/div>\n\t\t<div class=\"elementor-element elementor-element-6bc61ea e-flex e-con-boxed e-con e-parent\" data-id=\"6bc61ea\" data-element_type=\"container\" data-e-type=\"container\">\n\t\t\t\t\t<div class=\"e-con-inner\">\n\t\t<div class=\"elementor-element elementor-element-73f2108 e-con-full e-flex e-con e-child\" data-id=\"73f2108\" data-element_type=\"container\" data-e-type=\"container\">\n\t\t\t\t<div class=\"elementor-element elementor-element-b7bef7a elementor-widget elementor-widget-text-editor\" data-id=\"b7bef7a\" data-element_type=\"widget\" data-e-type=\"widget\" data-no-translation=\"\" data-widget_type=\"text-editor.default\">\n\t\t\t\t<div class=\"elementor-widget-container\">\n\t\t\t\t\t<style>.elementor-element-b7bef7a{display:none !important}<\/style>\t\t\t\t<\/div>\n\t\t\t\t<\/div>\n\t\t\t\t<div class=\"elementor-element elementor-element-6e21e8b elementor-widget elementor-widget-text-editor\" data-id=\"6e21e8b\" data-element_type=\"widget\" data-e-type=\"widget\" data-no-translation=\"\" data-widget_type=\"text-editor.default\">\n\t\t\t\t<div class=\"elementor-widget-container\">\n\t\t\t\t\t\t\t\t\t<h4 class=\"x-el x-el-h4 c1-82 c1-2 c1-2o c1-2p c1-83 c1-3o c1-3p c1-33 c1-34 c1-2b c1-84 c1-85 c1-3y c1-86 c1-87 c1-88 c1-89\" role=\"heading\" aria-level=\"4\" data-ux=\"ContentHeading\" data-aid=\"CONTENT_HEADLINE2_RENDERED\" data-typography=\"HeadingDelta\">Una Vision para el Futuro<\/h4>\t\t\t\t\t\t\t\t<\/div>\n\t\t\t\t<\/div>\n\t\t\t\t<div class=\"elementor-element elementor-element-5b827c6 elementor-widget elementor-widget-image\" data-id=\"5b827c6\" data-element_type=\"widget\" data-e-type=\"widget\" data-widget_type=\"image.default\">\n\t\t\t\t<div class=\"elementor-widget-container\">\n\t\t\t\t\t\t\t\t\t\t\t\t\t\t\t<img decoding=\"async\" width=\"800\" height=\"450\" src=\"https:\/\/asr-arquitecto.es\/wp-content\/uploads\/2025\/03\/Studio-Project-10-1024x576.png\" class=\"attachment-large size-large wp-image-2581\" alt=\"\" srcset=\"https:\/\/asr-arquitecto.es\/wp-content\/uploads\/2025\/03\/Studio-Project-10-1024x576.png 1024w, https:\/\/asr-arquitecto.es\/wp-content\/uploads\/2025\/03\/Studio-Project-10-300x169.png 300w, https:\/\/asr-arquitecto.es\/wp-content\/uploads\/2025\/03\/Studio-Project-10-768x432.png 768w, https:\/\/asr-arquitecto.es\/wp-content\/uploads\/2025\/03\/Studio-Project-10-1536x864.png 1536w, https:\/\/asr-arquitecto.es\/wp-content\/uploads\/2025\/03\/Studio-Project-10-2048x1152.png 2048w, https:\/\/asr-arquitecto.es\/wp-content\/uploads\/2025\/03\/Studio-Project-10-18x10.png 18w, https:\/\/asr-arquitecto.es\/wp-content\/uploads\/2025\/03\/Studio-Project-10-600x338.png 600w\" sizes=\"(max-width: 800px) 100vw, 800px\" \/>\t\t\t\t\t\t\t\t\t\t\t\t\t\t\t<\/div>\n\t\t\t\t<\/div>\n\t\t\t\t<div class=\"elementor-element elementor-element-c343350 elementor-widget elementor-widget-text-editor\" data-id=\"c343350\" data-element_type=\"widget\" data-e-type=\"widget\" data-no-translation=\"\" data-widget_type=\"text-editor.default\">\n\t\t\t\t<div class=\"elementor-widget-container\">\n\t\t\t\t\t<style>.elementor-element-c343350{display:none !important}<\/style>\t\t\t\t<\/div>\n\t\t\t\t<\/div>\n\t\t\t\t<div class=\"elementor-element elementor-element-8dc0ce7 elementor-widget elementor-widget-text-editor\" data-id=\"8dc0ce7\" data-element_type=\"widget\" data-e-type=\"widget\" data-no-translation=\"\" data-widget_type=\"text-editor.default\">\n\t\t\t\t<div class=\"elementor-widget-container\">\n\t\t\t\t\t\t\t\t\t<div data-editor-content=\"{&quot;blocks&quot;:[{&quot;key&quot;:&quot;dupjc&quot;,&quot;text&quot;:&quot;In 2021, the tides shifted. The people of Sant Llu\u00eds, through their institutions, took hold of Sa Tanca, drawing it back from private inertia into the realm of the collective. But possession is not transformation\u2014owning space does not mean knowing what to do with it. Now it waits, an open question to the political landscape, a challenge to the community: &quot;,&quot;type&quot;:&quot;unstyled&quot;,&quot;depth&quot;:0,&quot;inlineStyleRanges&quot;:[{&quot;offset&quot;:3,&quot;length&quot;:4,&quot;style&quot;:&quot;BOLD&quot;},{&quot;offset&quot;:176,&quot;length&quot;:36,&quot;style&quot;:&quot;BOLD&quot;}],&quot;entityRanges&quot;:[],&quot;data&quot;:{}},{&quot;key&quot;:&quot;atc93&quot;,&quot;text&quot;:&quot;&quot;,&quot;type&quot;:&quot;unstyled&quot;,&quot;depth&quot;:0,&quot;inlineStyleRanges&quot;:[],&quot;entityRanges&quot;:[],&quot;data&quot;:{}}],&quot;entityMap&quot;:{}}\"><div class=\"block paragraph\" data-block=\"true\" data-editor=\"6ij7v\" data-offset-key=\"56m7m-0-0\"><div class=\"public-DraftStyleDefault-block public-DraftStyleDefault-ltr\" data-offset-key=\"56m7m-0-0\"><div data-editor-content=\"{&quot;blocks&quot;:[{&quot;key&quot;:&quot;d8ktv&quot;,&quot;text&quot;:&quot;In 2021, the tides shifted. The people of Sant Llu\u00eds, through their institutions, took hold of Sa Tanca, drawing it back from private inertia into the realm of the collective. But possession is not transformation\u2014owning space does not mean knowing what to do with it. Now it waits, an open question to the political landscape, a challenge to the community: &quot;,&quot;type&quot;:&quot;unstyled&quot;,&quot;depth&quot;:0,&quot;inlineStyleRanges&quot;:[{&quot;offset&quot;:3,&quot;length&quot;:4,&quot;style&quot;:&quot;BOLD&quot;},{&quot;offset&quot;:176,&quot;length&quot;:36,&quot;style&quot;:&quot;BOLD&quot;}],&quot;entityRanges&quot;:[],&quot;data&quot;:{}},{&quot;key&quot;:&quot;4t7av&quot;,&quot;text&quot;:&quot;&quot;,&quot;type&quot;:&quot;unstyled&quot;,&quot;depth&quot;:0,&quot;inlineStyleRanges&quot;:[],&quot;entityRanges&quot;:[],&quot;data&quot;:{}},{&quot;key&quot;:&quot;4gchr&quot;,&quot;text&quot;:&quot;How do we inhabit what was never meant for us? How do we claim the right to reinvent? &quot;,&quot;type&quot;:&quot;unstyled&quot;,&quot;depth&quot;:0,&quot;inlineStyleRanges&quot;:[{&quot;offset&quot;:0,&quot;length&quot;:85,&quot;style&quot;:&quot;BOLD&quot;}],&quot;entityRanges&quot;:[],&quot;data&quot;:{}}],&quot;entityMap&quot;:{}}\"><div class=\"block paragraph\" data-block=\"true\" data-editor=\"5v1qm\" data-offset-key=\"56m7m-0-0\"><div class=\"public-DraftStyleDefault-block public-DraftStyleDefault-ltr\" data-offset-key=\"56m7m-0-0\"><p class=\"\" data-start=\"70\" data-end=\"427\">En 2021, las mareas cambiaron. El pueblo de Sant Llu\u00eds, a trav\u00e9s de sus instituciones, tom\u00f3 posesi\u00f3n de Sa Tanca, rescat\u00e1ndolo de la inercia privada y devolvi\u00e9ndolo al \u00e1mbito colectivo. Pero poseer no es transformar\u2014tener un espacio no significa saber qu\u00e9 hacer con \u00e9l. Ahora espera, como una pregunta abierta al paisaje pol\u00edtico, un desaf\u00edo a la comunidad:<\/p><p class=\"\" data-start=\"429\" data-end=\"532\"><strong data-start=\"429\" data-end=\"532\">\u00bfC\u00f3mo habitamos lo que nunca fue pensado para nosotros?<br data-start=\"486\" data-end=\"489\" \/>\u00bfC\u00f3mo reclamamos el derecho a reinventar?<\/strong><\/p><\/div><\/div><\/div><\/div><\/div><\/div>\t\t\t\t\t\t\t\t<\/div>\n\t\t\t\t<\/div>\n\t\t\t\t<\/div>\n\t\t<div class=\"elementor-element elementor-element-a7cbde7 e-con-full e-flex e-con e-child\" data-id=\"a7cbde7\" data-element_type=\"container\" data-e-type=\"container\">\n\t\t\t\t<div class=\"elementor-element elementor-element-5c28d50 elementor-widget elementor-widget-image\" data-id=\"5c28d50\" data-element_type=\"widget\" data-e-type=\"widget\" data-widget_type=\"image.default\">\n\t\t\t\t<div class=\"elementor-widget-container\">\n\t\t\t\t\t\t\t\t\t\t\t\t\t\t\t<img decoding=\"async\" width=\"800\" height=\"304\" src=\"https:\/\/asr-arquitecto.es\/wp-content\/uploads\/2025\/03\/render-3-1024x389.png\" class=\"attachment-large size-large wp-image-2572\" alt=\"\" srcset=\"https:\/\/asr-arquitecto.es\/wp-content\/uploads\/2025\/03\/render-3-1024x389.png 1024w, https:\/\/asr-arquitecto.es\/wp-content\/uploads\/2025\/03\/render-3-300x114.png 300w, https:\/\/asr-arquitecto.es\/wp-content\/uploads\/2025\/03\/render-3-768x292.png 768w, https:\/\/asr-arquitecto.es\/wp-content\/uploads\/2025\/03\/render-3-1536x584.png 1536w, https:\/\/asr-arquitecto.es\/wp-content\/uploads\/2025\/03\/render-3-2048x778.png 2048w, https:\/\/asr-arquitecto.es\/wp-content\/uploads\/2025\/03\/render-3-18x7.png 18w, https:\/\/asr-arquitecto.es\/wp-content\/uploads\/2025\/03\/render-3-600x228.png 600w\" sizes=\"(max-width: 800px) 100vw, 800px\" \/>\t\t\t\t\t\t\t\t\t\t\t\t\t\t\t<\/div>\n\t\t\t\t<\/div>\n\t\t\t\t<div class=\"elementor-element elementor-element-624b09d elementor-widget elementor-widget-text-editor\" data-id=\"624b09d\" data-element_type=\"widget\" data-e-type=\"widget\" data-no-translation=\"\" data-widget_type=\"text-editor.default\">\n\t\t\t\t<div class=\"elementor-widget-container\">\n\t\t\t\t\t<style>.elementor-element-624b09d{display:none !important}<\/style>\t\t\t\t<\/div>\n\t\t\t\t<\/div>\n\t\t\t\t<div class=\"elementor-element elementor-element-df67525 elementor-widget elementor-widget-text-editor\" data-id=\"df67525\" data-element_type=\"widget\" data-e-type=\"widget\" data-no-translation=\"\" data-widget_type=\"text-editor.default\">\n\t\t\t\t<div class=\"elementor-widget-container\">\n\t\t\t\t\t\t\t\t\t<h4 class=\"x-el x-el-h4 c1-82 c1-2 c1-2o c1-2p c1-83 c1-3o c1-3p c1-33 c1-34 c1-2b c1-84 c1-85 c1-3y c1-86 c1-87 c1-88 c1-89\" role=\"heading\" aria-level=\"4\" data-ux=\"ContentHeading\" data-aid=\"CONTENT_HEADLINE3_RENDERED\" data-typography=\"HeadingDelta\">Un Lugar que se Reconfigura<\/h4>\t\t\t\t\t\t\t\t<\/div>\n\t\t\t\t<\/div>\n\t\t\t\t<div class=\"elementor-element elementor-element-4a69f1f elementor-widget elementor-widget-text-editor\" data-id=\"4a69f1f\" data-element_type=\"widget\" data-e-type=\"widget\" data-no-translation=\"\" data-widget_type=\"text-editor.default\">\n\t\t\t\t<div class=\"elementor-widget-container\">\n\t\t\t\t\t<style>.elementor-element-4a69f1f{display:none !important}<\/style>\t\t\t\t<\/div>\n\t\t\t\t<\/div>\n\t\t\t\t<div class=\"elementor-element elementor-element-cb072c0 elementor-widget elementor-widget-text-editor\" data-id=\"cb072c0\" data-element_type=\"widget\" data-e-type=\"widget\" data-no-translation=\"\" data-widget_type=\"text-editor.default\">\n\t\t\t\t<div class=\"elementor-widget-container\">\n\t\t\t\t\t\t\t\t\t<div data-editor-content=\"{&quot;blocks&quot;:[{&quot;key&quot;:&quot;aojh6&quot;,&quot;text&quot;:&quot;Sa Tanca is not just about its walls, its 14,000m\u00b2 of latent energy, its empty corridors where dust settles in hesitation. It is about the air that could move through it, the life that could fill it, the hands that could shape it. It is about possibility. &quot;,&quot;type&quot;:&quot;unstyled&quot;,&quot;depth&quot;:0,&quot;inlineStyleRanges&quot;:[{&quot;offset&quot;:42,&quot;length&quot;:25,&quot;style&quot;:&quot;BOLD&quot;}],&quot;entityRanges&quot;:[],&quot;data&quot;:{}},{&quot;key&quot;:&quot;c0t7h&quot;,&quot;text&quot;:&quot;&quot;,&quot;type&quot;:&quot;unstyled&quot;,&quot;depth&quot;:0,&quot;inlineStyleRanges&quot;:[],&quot;entityRanges&quot;:[],&quot;data&quot;:{}},{&quot;key&quot;:&quot;b8lo5&quot;,&quot;text&quot;:&quot;A perforated ground floor, allowing light to trickle into the underground levels, creating spaces where knowledge, creativity, and encounter find shelter. &quot;,&quot;type&quot;:&quot;unstyled&quot;,&quot;depth&quot;:0,&quot;inlineStyleRanges&quot;:[{&quot;offset&quot;:0,&quot;length&quot;:25,&quot;style&quot;:&quot;BOLD&quot;}],&quot;entityRanges&quot;:[],&quot;data&quot;:{}},{&quot;key&quot;:&quot;f053l&quot;,&quot;text&quot;:&quot;A green facade, where nature reclaims the surfaces once meant for commercial spectacle, whispering resilience in the language of local flora. &quot;,&quot;type&quot;:&quot;unstyled&quot;,&quot;depth&quot;:0,&quot;inlineStyleRanges&quot;:[{&quot;offset&quot;:0,&quot;length&quot;:14,&quot;style&quot;:&quot;BOLD&quot;}],&quot;entityRanges&quot;:[],&quot;data&quot;:{}},{&quot;key&quot;:&quot;1kila&quot;,&quot;text&quot;:&quot;A solar canopy, turning wasted rooftop space into an energy source, as if the sky itself could power the rebirth of this place.&quot;,&quot;type&quot;:&quot;unstyled&quot;,&quot;depth&quot;:0,&quot;inlineStyleRanges&quot;:[{&quot;offset&quot;:0,&quot;length&quot;:14,&quot;style&quot;:&quot;BOLD&quot;}],&quot;entityRanges&quot;:[],&quot;data&quot;:{}},{&quot;key&quot;:&quot;2u6sr&quot;,&quot;text&quot;:&quot;A new public heart, where people no longer pass Sa Tanca indifferently, but through it\u2014where it ceases to be a failed investment and becomes a shared horizon. &quot;,&quot;type&quot;:&quot;unstyled&quot;,&quot;depth&quot;:0,&quot;inlineStyleRanges&quot;:[{&quot;offset&quot;:0,&quot;length&quot;:18,&quot;style&quot;:&quot;BOLD&quot;}],&quot;entityRanges&quot;:[],&quot;data&quot;:{}}],&quot;entityMap&quot;:{}}\"><div class=\"block paragraph\" data-block=\"true\" data-editor=\"9qbdv\" data-offset-key=\"1aonk-0-0\"><div class=\"public-DraftStyleDefault-block public-DraftStyleDefault-ltr\" data-offset-key=\"1aonk-0-0\"><p class=\"\" data-start=\"102\" data-end=\"376\"><span data-start=\"102\" data-end=\"376\">Sa Tanca no se trata solo de sus muros, <strong>de sus 14.000 m\u00b2 de energ\u00eda latente<\/strong>, de sus pasillos vac\u00edos donde el polvo se posa con duda. Se trata del aire que podr\u00eda recorrerla, de la vida que podr\u00eda habitarla, de las manos que podr\u00edan moldearla. Se trata de la posibilidad.<\/span><\/p><p class=\"\" data-start=\"378\" data-end=\"1071\"><strong>Un planta baja perforada<\/strong>, que permite que la luz se filtre hasta los niveles subterr\u00e1neos, creando espacios donde el conocimiento, la creatividad y el encuentro encuentren refugio.<br data-start=\"558\" data-end=\"561\" \/><strong>Una fachada verde<\/strong>, donde la naturaleza recupera las superficies antes destinadas al espect\u00e1culo comercial, susurrando resiliencia en el lenguaje de la flora local.<br data-start=\"724\" data-end=\"727\" \/><strong>Una marquesina solar<\/strong>, que convierte el tejado desaprovechado en fuente de energ\u00eda, como si el cielo mismo pudiera impulsar el renacer de este lugar.<br data-start=\"875\" data-end=\"878\" \/><strong>Un nuevo coraz\u00f3n p\u00fablico<\/strong>, donde la gente ya no pase junto a Sa Tanca con indiferencia, sino a trav\u00e9s de ella\u2014donde deja de ser una inversi\u00f3n fallida para convertirse en un horizonte compartido.<\/p><\/div><\/div><\/div>\t\t\t\t\t\t\t\t<\/div>\n\t\t\t\t<\/div>\n\t\t\t\t<\/div>\n\t\t\t\t\t<\/div>\n\t\t\t\t<\/div>\n\t\t<div class=\"elementor-element elementor-element-b3dba02 e-flex e-con-boxed e-con e-parent\" data-id=\"b3dba02\" data-element_type=\"container\" data-e-type=\"container\">\n\t\t\t\t\t<div class=\"e-con-inner\">\n\t\t\t\t<div class=\"elementor-element elementor-element-4070543 elementor-widget elementor-widget-text-editor\" data-id=\"4070543\" data-element_type=\"widget\" data-e-type=\"widget\" data-no-translation=\"\" data-widget_type=\"text-editor.default\">\n\t\t\t\t<div class=\"elementor-widget-container\">\n\t\t\t\t\t<style>.elementor-element-4070543{display:none !important}<\/style>\t\t\t\t<\/div>\n\t\t\t\t<\/div>\n\t\t\t\t<div class=\"elementor-element elementor-element-ccfbed2 elementor-widget elementor-widget-text-editor\" data-id=\"ccfbed2\" data-element_type=\"widget\" data-e-type=\"widget\" data-no-translation=\"\" data-widget_type=\"text-editor.default\">\n\t\t\t\t<div class=\"elementor-widget-container\">\n\t\t\t\t\t\t\t\t\t<h4 data-start=\"92\" data-end=\"467\">Una Declaraci\u00f3n Pol\u00edtica y Social<\/h4><p class=\"\" data-start=\"92\" data-end=\"467\">Esto no es un simple proyecto; <b>es un acto pol\u00edtico<\/b>, una confrontaci\u00f3n entre modelos de desarrollo. Se trata de revertir la l\u00f3gica seg\u00fan la cual el espacio pertenece primero al capital y solo despu\u00e9s a las personas. Se trata de demostrar que <b>la arquitectura puede ser c\u00edvica, no comercia<\/b><strong>l<\/strong>; que un pueblo puede crecer sin vender su alma.<\/p><p class=\"\" data-start=\"469\" data-end=\"677\">Por ahora, Sa Tanca espera&#8230;<\/p><p class=\"\" data-start=\"469\" data-end=\"677\">Espera coraje. Espera voluntad. Espera el momento en que deje de ser una ruina de ambiciones interrumpidas para convertirse en <b>el eco del futuro que nos atrevamos a imaginar.<\/b><\/p>\t\t\t\t\t\t\t\t<\/div>\n\t\t\t\t<\/div>\n\t\t\t\t\t<\/div>\n\t\t\t\t<\/div>\n\t\t<div class=\"elementor-element elementor-element-4eba369 e-flex e-con-boxed e-con e-parent\" data-id=\"4eba369\" data-element_type=\"container\" data-e-type=\"container\">\n\t\t\t\t\t<div class=\"e-con-inner\">\n\t\t\t\t<div class=\"elementor-element elementor-element-66e87e6 elementor-widget elementor-widget-image\" data-id=\"66e87e6\" data-element_type=\"widget\" data-e-type=\"widget\" data-widget_type=\"image.default\">\n\t\t\t\t<div class=\"elementor-widget-container\">\n\t\t\t\t\t\t\t\t\t\t\t\t\t\t\t<img loading=\"lazy\" decoding=\"async\" width=\"800\" height=\"450\" src=\"https:\/\/asr-arquitecto.es\/wp-content\/uploads\/2025\/03\/Studio-Project-11-1024x576.png\" class=\"attachment-large size-large wp-image-2582\" alt=\"\" srcset=\"https:\/\/asr-arquitecto.es\/wp-content\/uploads\/2025\/03\/Studio-Project-11-1024x576.png 1024w, https:\/\/asr-arquitecto.es\/wp-content\/uploads\/2025\/03\/Studio-Project-11-300x169.png 300w, https:\/\/asr-arquitecto.es\/wp-content\/uploads\/2025\/03\/Studio-Project-11-768x432.png 768w, https:\/\/asr-arquitecto.es\/wp-content\/uploads\/2025\/03\/Studio-Project-11-1536x864.png 1536w, https:\/\/asr-arquitecto.es\/wp-content\/uploads\/2025\/03\/Studio-Project-11-2048x1152.png 2048w, https:\/\/asr-arquitecto.es\/wp-content\/uploads\/2025\/03\/Studio-Project-11-18x10.png 18w, https:\/\/asr-arquitecto.es\/wp-content\/uploads\/2025\/03\/Studio-Project-11-600x338.png 600w\" sizes=\"(max-width: 800px) 100vw, 800px\" \/>\t\t\t\t\t\t\t\t\t\t\t\t\t\t\t<\/div>\n\t\t\t\t<\/div>\n\t\t\t\t\t<\/div>\n\t\t\t\t<\/div>\n\t\t<div class=\"elementor-element elementor-element-3388006 e-flex e-con-boxed e-con e-parent\" data-id=\"3388006\" data-element_type=\"container\" data-e-type=\"container\">\n\t\t\t\t\t<div class=\"e-con-inner\">\n\t\t\t\t<div class=\"elementor-element elementor-element-f868ee3 elementor-widget elementor-widget-video\" data-id=\"f868ee3\" data-element_type=\"widget\" data-e-type=\"widget\" data-settings=\"{&quot;video_type&quot;:&quot;vimeo&quot;}\" data-widget_type=\"video.default\">\n\t\t\t\t<div class=\"elementor-widget-container\">\n\t\t\t\t\t\t\t<div class=\"elementor-wrapper elementor-open-inline\">\n\t\t\t<iframe class=\"elementor-video-iframe\" allowfullscreen allow=\"clipboard-write\" title=\"vimeo Video Player\" src=\"https:\/\/player.vimeo.com\/video\/1057082254?color&amp;autopause=0&amp;loop=0&amp;muted=0&amp;title=1&amp;portrait=1&amp;byline=1&amp;h=e46d704bd8#t=\"><\/iframe>\t\t<\/div>\n\t\t\t\t\t\t<\/div>\n\t\t\t\t<\/div>\n\t\t\t\t\t<\/div>\n\t\t\t\t<\/div>\n\t\t\t\t<\/div>\n\t\t","protected":false},"excerpt":{"rendered":"<p>sa tanca Sa Tanca: The Space That Waits. At the threshold of Sant Llu\u00eds, a structure stands in limbo\u2014Sa Tanca, a building that was never truly born, suspended between its past failure and a future yet to be written. Conceived as a commercial center in 2005, it fell to the weight of speculative ambition and [&hellip;]<\/p>\n","protected":false},"author":1,"featured_media":0,"parent":0,"menu_order":0,"comment_status":"closed","ping_status":"closed","template":"elementor_theme","meta":{"_eb_attr":"","_uag_custom_page_level_css":"","footnotes":""},"class_list":["post-2558","page","type-page","status-publish","hentry"],"aioseo_notices":[],"uagb_featured_image_src":{"full":false,"thumbnail":false,"medium":false,"medium_large":false,"large":false,"1536x1536":false,"2048x2048":false,"trp-custom-language-flag":false,"qi_addons_for_elementor_image_size_square":false,"qi_addons_for_elementor_image_size_landscape":false,"qi_addons_for_elementor_image_size_portrait":false,"qi_addons_for_elementor_image_size_huge-square":false},"uagb_author_info":{"display_name":"santos.alonso@gmail.com","author_link":"https:\/\/asr-arquitecto.es\/es\/author\/santos-alonsogmail-com\/"},"uagb_comment_info":0,"uagb_excerpt":"sa tanca Sa Tanca: The Space That Waits. At the threshold of Sant Llu\u00eds, a structure stands in limbo\u2014Sa Tanca, a building that was never truly born, suspended between its past failure and a future yet to be written. Conceived as a commercial center in 2005, it fell to the weight of speculative ambition and&hellip;","_links":{"self":[{"href":"https:\/\/asr-arquitecto.es\/es\/wp-json\/wp\/v2\/pages\/2558","targetHints":{"allow":["GET"]}}],"collection":[{"href":"https:\/\/asr-arquitecto.es\/es\/wp-json\/wp\/v2\/pages"}],"about":[{"href":"https:\/\/asr-arquitecto.es\/es\/wp-json\/wp\/v2\/types\/page"}],"author":[{"embeddable":true,"href":"https:\/\/asr-arquitecto.es\/es\/wp-json\/wp\/v2\/users\/1"}],"replies":[{"embeddable":true,"href":"https:\/\/asr-arquitecto.es\/es\/wp-json\/wp\/v2\/comments?post=2558"}],"version-history":[{"count":11,"href":"https:\/\/asr-arquitecto.es\/es\/wp-json\/wp\/v2\/pages\/2558\/revisions"}],"predecessor-version":[{"id":3210,"href":"https:\/\/asr-arquitecto.es\/es\/wp-json\/wp\/v2\/pages\/2558\/revisions\/3210"}],"wp:attachment":[{"href":"https:\/\/asr-arquitecto.es\/es\/wp-json\/wp\/v2\/media?parent=2558"}],"curies":[{"name":"wp","href":"https:\/\/api.w.org\/{rel}","templated":true}]}}