{"id":2654,"date":"2025-03-10T20:57:54","date_gmt":"2025-03-10T20:57:54","guid":{"rendered":"https:\/\/asr-arquitecto.es\/?page_id=2654"},"modified":"2025-04-06T18:02:26","modified_gmt":"2025-04-06T18:02:26","slug":"madrid-apartment","status":"publish","type":"page","link":"https:\/\/asr-arquitecto.es\/es\/madrid-apartment\/","title":{"rendered":"Madrid Apartment"},"content":{"rendered":"<div data-elementor-type=\"wp-page\" data-elementor-id=\"2654\" class=\"elementor elementor-2654\" data-elementor-post-type=\"page\">\n\t\t\t\t<div class=\"elementor-element elementor-element-ad984db e-flex e-con-boxed e-con e-parent\" data-id=\"ad984db\" data-element_type=\"container\" data-e-type=\"container\">\n\t\t\t\t\t<div class=\"e-con-inner\">\n\t\t<div class=\"elementor-element elementor-element-113b318 e-con-full e-flex e-con e-child\" data-id=\"113b318\" data-element_type=\"container\" data-e-type=\"container\">\n\t\t\t\t<div class=\"elementor-element elementor-element-f721842 elementor-widget elementor-widget-heading\" data-id=\"f721842\" data-element_type=\"widget\" data-e-type=\"widget\" data-no-translation=\"\" data-widget_type=\"heading.default\">\n\t\t\t\t<div class=\"elementor-widget-container\">\n\t\t\t\t\t<style>.elementor-element-f721842{display:none !important}<\/style>\t\t\t\t<\/div>\n\t\t\t\t<\/div>\n\t\t\t\t<div class=\"elementor-element elementor-element-01552ab elementor-widget elementor-widget-heading\" data-id=\"01552ab\" data-element_type=\"widget\" data-e-type=\"widget\" data-no-translation=\"\" data-widget_type=\"heading.default\">\n\t\t\t\t<div class=\"elementor-widget-container\">\n\t\t\t\t\t<h3 class=\"elementor-heading-title elementor-size-default\">Reforma apartamento en Madrid<\/h3>\t\t\t\t<\/div>\n\t\t\t\t<\/div>\n\t\t\t\t<\/div>\n\t\t\t\t\t<\/div>\n\t\t\t\t<\/div>\n\t\t<div class=\"elementor-element elementor-element-dc10c95 e-flex e-con-boxed e-con e-parent\" data-id=\"dc10c95\" data-element_type=\"container\" data-e-type=\"container\">\n\t\t\t\t\t<div class=\"e-con-inner\">\n\t\t\t\t<div class=\"elementor-element elementor-element-b8f8ce9 elementor-widget elementor-widget-image\" data-id=\"b8f8ce9\" data-element_type=\"widget\" data-e-type=\"widget\" data-widget_type=\"image.default\">\n\t\t\t\t<div class=\"elementor-widget-container\">\n\t\t\t\t\t\t\t\t\t\t\t\t\t\t\t<img fetchpriority=\"high\" decoding=\"async\" width=\"800\" height=\"599\" src=\"https:\/\/asr-arquitecto.es\/wp-content\/uploads\/2025\/03\/Imagen-de-WhatsApp-2025-01-21-a-las-09.15.46_04da4d4a-1024x767.jpg\" class=\"attachment-large size-large wp-image-2656\" alt=\"\" srcset=\"https:\/\/asr-arquitecto.es\/wp-content\/uploads\/2025\/03\/Imagen-de-WhatsApp-2025-01-21-a-las-09.15.46_04da4d4a-1024x767.jpg 1024w, https:\/\/asr-arquitecto.es\/wp-content\/uploads\/2025\/03\/Imagen-de-WhatsApp-2025-01-21-a-las-09.15.46_04da4d4a-300x225.jpg 300w, https:\/\/asr-arquitecto.es\/wp-content\/uploads\/2025\/03\/Imagen-de-WhatsApp-2025-01-21-a-las-09.15.46_04da4d4a-768x576.jpg 768w, https:\/\/asr-arquitecto.es\/wp-content\/uploads\/2025\/03\/Imagen-de-WhatsApp-2025-01-21-a-las-09.15.46_04da4d4a-1536x1151.jpg 1536w, https:\/\/asr-arquitecto.es\/wp-content\/uploads\/2025\/03\/Imagen-de-WhatsApp-2025-01-21-a-las-09.15.46_04da4d4a-16x12.jpg 16w, https:\/\/asr-arquitecto.es\/wp-content\/uploads\/2025\/03\/Imagen-de-WhatsApp-2025-01-21-a-las-09.15.46_04da4d4a-600x450.jpg 600w, https:\/\/asr-arquitecto.es\/wp-content\/uploads\/2025\/03\/Imagen-de-WhatsApp-2025-01-21-a-las-09.15.46_04da4d4a.jpg 1600w\" sizes=\"(max-width: 800px) 100vw, 800px\" \/>\t\t\t\t\t\t\t\t\t\t\t\t\t\t\t<\/div>\n\t\t\t\t<\/div>\n\t\t\t\t\t<\/div>\n\t\t\t\t<\/div>\n\t\t<div class=\"elementor-element elementor-element-f681683 e-flex e-con-boxed e-con e-parent\" data-id=\"f681683\" data-element_type=\"container\" data-e-type=\"container\">\n\t\t\t\t\t<div class=\"e-con-inner\">\n\t\t<div class=\"elementor-element elementor-element-d67b65e e-con-full e-flex e-con e-child\" data-id=\"d67b65e\" data-element_type=\"container\" data-e-type=\"container\">\n\t\t\t\t<div class=\"elementor-element elementor-element-1c13bc5 elementor-widget elementor-widget-text-editor\" data-id=\"1c13bc5\" data-element_type=\"widget\" data-e-type=\"widget\" data-no-translation=\"\" data-widget_type=\"text-editor.default\">\n\t\t\t\t<div class=\"elementor-widget-container\">\n\t\t\t\t\t<style>.elementor-element-1c13bc5{display:none !important}<\/style>\t\t\t\t<\/div>\n\t\t\t\t<\/div>\n\t\t\t\t<div class=\"elementor-element elementor-element-7ae0a6f elementor-widget elementor-widget-text-editor\" data-id=\"7ae0a6f\" data-element_type=\"widget\" data-e-type=\"widget\" data-no-translation=\"\" data-widget_type=\"text-editor.default\">\n\t\t\t\t<div class=\"elementor-widget-container\">\n\t\t\t\t\t\t\t\t\t<h4 data-start=\"119\" data-end=\"494\">Peque\u00f1a Escala, Gran Impacto<\/h4><p class=\"\" data-start=\"119\" data-end=\"494\">No todo proyecto debe transformar la ciudad. Algunos tratan sobre la escala \u00edntima de la vida cotidiana\u2014los espacios a los que volvemos, los rincones que hacemos nuestros. Esta reforma de apartamento en Madrid encarna esa idea: una intervenci\u00f3n modesta donde el dise\u00f1o no busca la grandiosidad, sino la claridad, la eficiencia y el confort.<\/p><h4 data-start=\"496\" data-end=\"581\">Una Reconfiguraci\u00f3n Cuidadosa<\/h4><p class=\"\" data-start=\"496\" data-end=\"581\">El proyecto se centr\u00f3 en reorganizar lo esencial:<\/p><ul data-start=\"583\" data-end=\"935\"><li class=\"\" data-start=\"583\" data-end=\"660\"><p class=\"\" data-start=\"585\" data-end=\"660\">Una nueva distribuci\u00f3n del ba\u00f1o, optimizando el espacio y la circulaci\u00f3n.<\/p><\/li><li class=\"\" data-start=\"661\" data-end=\"739\"><p class=\"\" data-start=\"663\" data-end=\"739\">Una cocina renovada, afinando tanto la funcionalidad como la materialidad.<\/p><\/li><li class=\"\" data-start=\"740\" data-end=\"832\"><p class=\"\" data-start=\"742\" data-end=\"832\">Nuevo almacenamiento integrado, creando orden dentro de unos metros cuadrados limitados.<\/p><\/li><li class=\"\" data-start=\"833\" data-end=\"935\"><p class=\"\" data-start=\"835\" data-end=\"935\">Una simplificaci\u00f3n espacial, eliminando lo superfluo para revelar un entorno m\u00e1s limpio y coherente.<\/p><\/li><\/ul>\t\t\t\t\t\t\t\t<\/div>\n\t\t\t\t<\/div>\n\t\t\t\t<\/div>\n\t\t<div class=\"elementor-element elementor-element-775206a e-con-full e-flex e-con e-child\" data-id=\"775206a\" data-element_type=\"container\" data-e-type=\"container\">\n\t\t\t\t<div class=\"elementor-element elementor-element-6a7ecbe elementor-widget elementor-widget-image\" data-id=\"6a7ecbe\" data-element_type=\"widget\" data-e-type=\"widget\" data-widget_type=\"image.default\">\n\t\t\t\t<div class=\"elementor-widget-container\">\n\t\t\t\t\t\t\t\t\t\t\t\t\t\t\t<img decoding=\"async\" width=\"800\" height=\"566\" src=\"https:\/\/asr-arquitecto.es\/wp-content\/uploads\/2025\/03\/Proyecto-de-Studio-1-1-1024x724.png\" class=\"attachment-large size-large wp-image-2663\" alt=\"\" srcset=\"https:\/\/asr-arquitecto.es\/wp-content\/uploads\/2025\/03\/Proyecto-de-Studio-1-1-1024x724.png 1024w, https:\/\/asr-arquitecto.es\/wp-content\/uploads\/2025\/03\/Proyecto-de-Studio-1-1-300x212.png 300w, https:\/\/asr-arquitecto.es\/wp-content\/uploads\/2025\/03\/Proyecto-de-Studio-1-1-768x543.png 768w, https:\/\/asr-arquitecto.es\/wp-content\/uploads\/2025\/03\/Proyecto-de-Studio-1-1-1536x1086.png 1536w, https:\/\/asr-arquitecto.es\/wp-content\/uploads\/2025\/03\/Proyecto-de-Studio-1-1-2048x1448.png 2048w, https:\/\/asr-arquitecto.es\/wp-content\/uploads\/2025\/03\/Proyecto-de-Studio-1-1-18x12.png 18w, https:\/\/asr-arquitecto.es\/wp-content\/uploads\/2025\/03\/Proyecto-de-Studio-1-1-600x424.png 600w\" sizes=\"(max-width: 800px) 100vw, 800px\" \/>\t\t\t\t\t\t\t\t\t\t\t\t\t\t\t<\/div>\n\t\t\t\t<\/div>\n\t\t\t\t<\/div>\n\t\t\t\t\t<\/div>\n\t\t\t\t<\/div>\n\t\t<div class=\"elementor-element elementor-element-6cfbbd7 e-flex e-con-boxed e-con e-parent\" data-id=\"6cfbbd7\" data-element_type=\"container\" data-e-type=\"container\">\n\t\t\t\t\t<div class=\"e-con-inner\">\n\t\t<div class=\"elementor-element elementor-element-56ba67b e-con-full e-flex e-con e-child\" data-id=\"56ba67b\" data-element_type=\"container\" data-e-type=\"container\">\n\t\t\t\t<div class=\"elementor-element elementor-element-863a95f elementor-widget elementor-widget-image\" data-id=\"863a95f\" data-element_type=\"widget\" data-e-type=\"widget\" data-widget_type=\"image.default\">\n\t\t\t\t<div class=\"elementor-widget-container\">\n\t\t\t\t\t\t\t\t\t\t\t\t\t\t\t<img decoding=\"async\" width=\"800\" height=\"599\" src=\"https:\/\/asr-arquitecto.es\/wp-content\/uploads\/2025\/03\/Imagen-de-WhatsApp-2025-01-21-a-las-09.15.46_626d88c3-1024x767.jpg\" class=\"attachment-large size-large wp-image-2660\" alt=\"\" srcset=\"https:\/\/asr-arquitecto.es\/wp-content\/uploads\/2025\/03\/Imagen-de-WhatsApp-2025-01-21-a-las-09.15.46_626d88c3-1024x767.jpg 1024w, https:\/\/asr-arquitecto.es\/wp-content\/uploads\/2025\/03\/Imagen-de-WhatsApp-2025-01-21-a-las-09.15.46_626d88c3-300x225.jpg 300w, https:\/\/asr-arquitecto.es\/wp-content\/uploads\/2025\/03\/Imagen-de-WhatsApp-2025-01-21-a-las-09.15.46_626d88c3-768x576.jpg 768w, https:\/\/asr-arquitecto.es\/wp-content\/uploads\/2025\/03\/Imagen-de-WhatsApp-2025-01-21-a-las-09.15.46_626d88c3-1536x1151.jpg 1536w, https:\/\/asr-arquitecto.es\/wp-content\/uploads\/2025\/03\/Imagen-de-WhatsApp-2025-01-21-a-las-09.15.46_626d88c3-16x12.jpg 16w, https:\/\/asr-arquitecto.es\/wp-content\/uploads\/2025\/03\/Imagen-de-WhatsApp-2025-01-21-a-las-09.15.46_626d88c3-600x450.jpg 600w, https:\/\/asr-arquitecto.es\/wp-content\/uploads\/2025\/03\/Imagen-de-WhatsApp-2025-01-21-a-las-09.15.46_626d88c3.jpg 1600w\" sizes=\"(max-width: 800px) 100vw, 800px\" \/>\t\t\t\t\t\t\t\t\t\t\t\t\t\t\t<\/div>\n\t\t\t\t<\/div>\n\t\t\t\t<\/div>\n\t\t<div class=\"elementor-element elementor-element-38a8800 e-con-full e-flex e-con e-child\" data-id=\"38a8800\" data-element_type=\"container\" data-e-type=\"container\">\n\t\t\t\t<div class=\"elementor-element elementor-element-e49417c elementor-widget elementor-widget-image\" data-id=\"e49417c\" data-element_type=\"widget\" data-e-type=\"widget\" data-widget_type=\"image.default\">\n\t\t\t\t<div class=\"elementor-widget-container\">\n\t\t\t\t\t\t\t\t\t\t\t\t\t\t\t<img loading=\"lazy\" decoding=\"async\" width=\"800\" height=\"600\" src=\"https:\/\/asr-arquitecto.es\/wp-content\/uploads\/2025\/03\/Imagen-de-WhatsApp-2025-01-21-a-las-09.15.46_63f01956-1024x768.jpg\" class=\"attachment-large size-large wp-image-2664\" alt=\"\" srcset=\"https:\/\/asr-arquitecto.es\/wp-content\/uploads\/2025\/03\/Imagen-de-WhatsApp-2025-01-21-a-las-09.15.46_63f01956-1024x768.jpg 1024w, https:\/\/asr-arquitecto.es\/wp-content\/uploads\/2025\/03\/Imagen-de-WhatsApp-2025-01-21-a-las-09.15.46_63f01956-300x225.jpg 300w, https:\/\/asr-arquitecto.es\/wp-content\/uploads\/2025\/03\/Imagen-de-WhatsApp-2025-01-21-a-las-09.15.46_63f01956-768x576.jpg 768w, https:\/\/asr-arquitecto.es\/wp-content\/uploads\/2025\/03\/Imagen-de-WhatsApp-2025-01-21-a-las-09.15.46_63f01956-1536x1152.jpg 1536w, https:\/\/asr-arquitecto.es\/wp-content\/uploads\/2025\/03\/Imagen-de-WhatsApp-2025-01-21-a-las-09.15.46_63f01956-16x12.jpg 16w, https:\/\/asr-arquitecto.es\/wp-content\/uploads\/2025\/03\/Imagen-de-WhatsApp-2025-01-21-a-las-09.15.46_63f01956-600x450.jpg 600w, https:\/\/asr-arquitecto.es\/wp-content\/uploads\/2025\/03\/Imagen-de-WhatsApp-2025-01-21-a-las-09.15.46_63f01956.jpg 1600w\" sizes=\"(max-width: 800px) 100vw, 800px\" \/>\t\t\t\t\t\t\t\t\t\t\t\t\t\t\t<\/div>\n\t\t\t\t<\/div>\n\t\t\t\t<\/div>\n\t\t\t\t\t<\/div>\n\t\t\t\t<\/div>\n\t\t\t\t<\/div>","protected":false},"excerpt":{"rendered":"<p>Reform apartment in Madrid Small Scale, Big Impact. Not every project must reshape the city. Some are about the intimate scale of daily life\u2014the spaces we return to, the corners we claim as our own. This apartment refurbishment in Madrid embodies that idea: a modest intervention where design is not about grandeur, but about clarity, [&hellip;]<\/p>\n","protected":false},"author":1,"featured_media":0,"parent":0,"menu_order":0,"comment_status":"closed","ping_status":"closed","template":"elementor_theme","meta":{"_eb_attr":"","_uag_custom_page_level_css":"","footnotes":""},"class_list":["post-2654","page","type-page","status-publish","hentry"],"aioseo_notices":[],"uagb_featured_image_src":{"full":false,"thumbnail":false,"medium":false,"medium_large":false,"large":false,"1536x1536":false,"2048x2048":false,"trp-custom-language-flag":false,"qi_addons_for_elementor_image_size_square":false,"qi_addons_for_elementor_image_size_landscape":false,"qi_addons_for_elementor_image_size_portrait":false,"qi_addons_for_elementor_image_size_huge-square":false},"uagb_author_info":{"display_name":"santos.alonso@gmail.com","author_link":"https:\/\/asr-arquitecto.es\/es\/author\/santos-alonsogmail-com\/"},"uagb_comment_info":0,"uagb_excerpt":"Reform apartment in Madrid Small Scale, Big Impact. Not every project must reshape the city. Some are about the intimate scale of daily life\u2014the spaces we return to, the corners we claim as our own. This apartment refurbishment in Madrid embodies that idea: a modest intervention where design is not about grandeur, but about clarity,&hellip;","_links":{"self":[{"href":"https:\/\/asr-arquitecto.es\/es\/wp-json\/wp\/v2\/pages\/2654","targetHints":{"allow":["GET"]}}],"collection":[{"href":"https:\/\/asr-arquitecto.es\/es\/wp-json\/wp\/v2\/pages"}],"about":[{"href":"https:\/\/asr-arquitecto.es\/es\/wp-json\/wp\/v2\/types\/page"}],"author":[{"embeddable":true,"href":"https:\/\/asr-arquitecto.es\/es\/wp-json\/wp\/v2\/users\/1"}],"replies":[{"embeddable":true,"href":"https:\/\/asr-arquitecto.es\/es\/wp-json\/wp\/v2\/comments?post=2654"}],"version-history":[{"count":11,"href":"https:\/\/asr-arquitecto.es\/es\/wp-json\/wp\/v2\/pages\/2654\/revisions"}],"predecessor-version":[{"id":3230,"href":"https:\/\/asr-arquitecto.es\/es\/wp-json\/wp\/v2\/pages\/2654\/revisions\/3230"}],"wp:attachment":[{"href":"https:\/\/asr-arquitecto.es\/es\/wp-json\/wp\/v2\/media?parent=2654"}],"curies":[{"name":"wp","href":"https:\/\/api.w.org\/{rel}","templated":true}]}}