{"id":2759,"date":"2025-03-19T15:29:12","date_gmt":"2025-03-19T15:29:12","guid":{"rendered":"https:\/\/asr-arquitecto.es\/?page_id=2759"},"modified":"2025-04-06T17:57:25","modified_gmt":"2025-04-06T17:57:25","slug":"jewelry-design","status":"publish","type":"page","link":"https:\/\/asr-arquitecto.es\/es\/jewelry-design\/","title":{"rendered":"Dise\u00f1o de joyas"},"content":{"rendered":"\t\t<div data-elementor-type=\"wp-page\" data-elementor-id=\"2759\" class=\"elementor elementor-2759\" data-elementor-post-type=\"page\">\n\t\t\t\t<div class=\"elementor-element elementor-element-ad984db e-flex e-con-boxed e-con e-parent\" data-id=\"ad984db\" data-element_type=\"container\" data-e-type=\"container\">\n\t\t\t\t\t<div class=\"e-con-inner\">\n\t\t<div class=\"elementor-element elementor-element-113b318 e-con-full e-flex e-con e-child\" data-id=\"113b318\" data-element_type=\"container\" data-e-type=\"container\">\n\t\t\t\t<div class=\"elementor-element elementor-element-f721842 elementor-widget elementor-widget-heading\" data-id=\"f721842\" data-element_type=\"widget\" data-e-type=\"widget\" data-no-translation=\"\" data-widget_type=\"heading.default\">\n\t\t\t\t<div class=\"elementor-widget-container\">\n\t\t\t\t\t<style>.elementor-element-f721842{display:none !important}<\/style>\t\t\t\t<\/div>\n\t\t\t\t<\/div>\n\t\t\t\t<div class=\"elementor-element elementor-element-8a45d40 elementor-widget elementor-widget-heading\" data-id=\"8a45d40\" data-element_type=\"widget\" data-e-type=\"widget\" data-no-translation=\"\" data-widget_type=\"heading.default\">\n\t\t\t\t<div class=\"elementor-widget-container\">\n\t\t\t\t\t<h3 class=\"elementor-heading-title elementor-size-default\">Dise\u00f1o de Joyas<\/h3>\t\t\t\t<\/div>\n\t\t\t\t<\/div>\n\t\t\t\t<\/div>\n\t\t\t\t\t<\/div>\n\t\t\t\t<\/div>\n\t\t<div class=\"elementor-element elementor-element-f19cb41 e-flex e-con-boxed e-con e-parent\" data-id=\"f19cb41\" data-element_type=\"container\" data-e-type=\"container\">\n\t\t\t\t\t<div class=\"e-con-inner\">\n\t\t\t\t<div class=\"elementor-element elementor-element-6068ff2 elementor-widget elementor-widget-image\" data-id=\"6068ff2\" data-element_type=\"widget\" data-e-type=\"widget\" data-widget_type=\"image.default\">\n\t\t\t\t<div class=\"elementor-widget-container\">\n\t\t\t\t\t\t\t\t\t\t\t\t\t\t\t<img fetchpriority=\"high\" decoding=\"async\" width=\"800\" height=\"526\" src=\"https:\/\/asr-arquitecto.es\/wp-content\/uploads\/2025\/02\/IMG_20230428_163233_731-1024x673.jpg\" class=\"attachment-large size-large wp-image-1789\" alt=\"\" srcset=\"https:\/\/asr-arquitecto.es\/wp-content\/uploads\/2025\/02\/IMG_20230428_163233_731-1024x673.jpg 1024w, https:\/\/asr-arquitecto.es\/wp-content\/uploads\/2025\/02\/IMG_20230428_163233_731-300x197.jpg 300w, https:\/\/asr-arquitecto.es\/wp-content\/uploads\/2025\/02\/IMG_20230428_163233_731-768x505.jpg 768w, https:\/\/asr-arquitecto.es\/wp-content\/uploads\/2025\/02\/IMG_20230428_163233_731-1536x1010.jpg 1536w, https:\/\/asr-arquitecto.es\/wp-content\/uploads\/2025\/02\/IMG_20230428_163233_731-18x12.jpg 18w, https:\/\/asr-arquitecto.es\/wp-content\/uploads\/2025\/02\/IMG_20230428_163233_731-600x395.jpg 600w, https:\/\/asr-arquitecto.es\/wp-content\/uploads\/2025\/02\/IMG_20230428_163233_731.jpg 2042w\" sizes=\"(max-width: 800px) 100vw, 800px\" \/>\t\t\t\t\t\t\t\t\t\t\t\t\t\t\t<\/div>\n\t\t\t\t<\/div>\n\t\t\t\t\t<\/div>\n\t\t\t\t<\/div>\n\t\t<div class=\"elementor-element elementor-element-09459d8 e-flex e-con-boxed e-con e-parent\" data-id=\"09459d8\" data-element_type=\"container\" data-e-type=\"container\">\n\t\t\t\t\t<div class=\"e-con-inner\">\n\t\t\t\t<div class=\"elementor-element elementor-element-0b7b034 elementor-widget elementor-widget-text-editor\" data-id=\"0b7b034\" data-element_type=\"widget\" data-e-type=\"widget\" data-no-translation=\"\" data-widget_type=\"text-editor.default\">\n\t\t\t\t<div class=\"elementor-widget-container\">\n\t\t\t\t\t<style>.elementor-element-0b7b034{display:none !important}<\/style>\t\t\t\t<\/div>\n\t\t\t\t<\/div>\n\t\t\t\t<div class=\"elementor-element elementor-element-fcdb11e elementor-widget elementor-widget-text-editor\" data-id=\"fcdb11e\" data-element_type=\"widget\" data-e-type=\"widget\" data-no-translation=\"\" data-widget_type=\"text-editor.default\">\n\t\t\t\t<div class=\"elementor-widget-container\">\n\t\t\t\t\t\t\t\t\t<h4 data-start=\"85\" data-end=\"323\">Joyer\u00eda \u00danica en 3D: Dise\u00f1os Personalizados, Posibilidades Infinitas<\/h4><p data-start=\"85\" data-end=\"323\">Mi trabajo en joyer\u00eda impresa en 3D lleva la personalizaci\u00f3n a un nuevo nivel, permitiendo la creaci\u00f3n de piezas intrincadas y \u00fanicas, verdaderamente irrepetibles.<\/p><h4 data-start=\"325\" data-end=\"732\">Esculpidas en el Espacio Digital<\/h4><p class=\"\" data-start=\"325\" data-end=\"732\">Cada pieza comienza como una escultura digital, dise\u00f1ada con precisi\u00f3n y una intenci\u00f3n art\u00edstica clara. Desde fractales y filigranas orientales hasta patrones g\u00f3ticos y geometr\u00edas org\u00e1nicas, mis dise\u00f1os exploran la intersecci\u00f3n entre las matem\u00e1ticas, el arte y la arquitectura\u2014traduciendo una belleza compleja en formas que se pueden llevar.<\/p>\t\t\t\t\t\t\t\t<\/div>\n\t\t\t\t<\/div>\n\t\t\t\t\t<\/div>\n\t\t\t\t<\/div>\n\t\t<div class=\"elementor-element elementor-element-84518eb e-flex e-con-boxed e-con e-parent\" data-id=\"84518eb\" data-element_type=\"container\" data-e-type=\"container\">\n\t\t\t\t\t<div class=\"e-con-inner\">\n\t\t<div class=\"elementor-element elementor-element-b5a3727 e-con-full e-flex e-con e-child\" data-id=\"b5a3727\" data-element_type=\"container\" data-e-type=\"container\">\n\t\t\t\t<div class=\"elementor-element elementor-element-0dbc10c elementor-widget elementor-widget-text-editor\" data-id=\"0dbc10c\" data-element_type=\"widget\" data-e-type=\"widget\" data-no-translation=\"\" data-widget_type=\"text-editor.default\">\n\t\t\t\t<div class=\"elementor-widget-container\">\n\t\t\t\t\t<style>.elementor-element-0dbc10c{display:none !important}<\/style>\t\t\t\t<\/div>\n\t\t\t\t<\/div>\n\t\t\t\t<div class=\"elementor-element elementor-element-a2ca9e9 elementor-widget elementor-widget-text-editor\" data-id=\"a2ca9e9\" data-element_type=\"widget\" data-e-type=\"widget\" data-no-translation=\"\" data-widget_type=\"text-editor.default\">\n\t\t\t\t<div class=\"elementor-widget-container\">\n\t\t\t\t\t\t\t\t\t<h4 data-start=\"74\" data-end=\"233\">Cualquier Material, Cualquier Acabado<\/h4><p class=\"\" data-start=\"74\" data-end=\"233\">Gracias a la versatilidad de la impresi\u00f3n 3D, estos dise\u00f1os pueden materializarse en una amplia gama de materiales:<\/p><ul data-start=\"235\" data-end=\"362\"><li class=\"\" data-start=\"235\" data-end=\"277\"><p class=\"\" data-start=\"237\" data-end=\"277\"><strong data-start=\"237\" data-end=\"249\">Metales:<\/strong> Bronce, acero, plata, oro<\/p><\/li><li class=\"\" data-start=\"278\" data-end=\"326\"><p class=\"\" data-start=\"280\" data-end=\"326\"><strong data-start=\"280\" data-end=\"294\">Pl\u00e1sticos:<\/strong> Ligeros, duraderos, coloridos<\/p><\/li><li class=\"\" data-start=\"327\" data-end=\"362\"><p class=\"\" data-start=\"329\" data-end=\"362\"><strong data-start=\"329\" data-end=\"342\">Cer\u00e1mica:<\/strong> Elegante y pulida<\/p><\/li><\/ul><p class=\"\" data-start=\"364\" data-end=\"475\">Cada material aporta un car\u00e1cter \u00fanico, desde la modernidad m\u00e1s sobria hasta la est\u00e9tica artesanal m\u00e1s cl\u00e1sica.<\/p>\t\t\t\t\t\t\t\t<\/div>\n\t\t\t\t<\/div>\n\t\t\t\t<div class=\"elementor-element elementor-element-f37e2d6 elementor-widget elementor-widget-image\" data-id=\"f37e2d6\" data-element_type=\"widget\" data-e-type=\"widget\" data-widget_type=\"image.default\">\n\t\t\t\t<div class=\"elementor-widget-container\">\n\t\t\t\t\t\t\t\t\t\t\t\t\t\t\t<img decoding=\"async\" width=\"691\" height=\"596\" src=\"https:\/\/asr-arquitecto.es\/wp-content\/uploads\/2025\/03\/IMG-20230130-WA0034.png\" class=\"attachment-medium_large size-medium_large wp-image-2761\" alt=\"\" srcset=\"https:\/\/asr-arquitecto.es\/wp-content\/uploads\/2025\/03\/IMG-20230130-WA0034.png 691w, https:\/\/asr-arquitecto.es\/wp-content\/uploads\/2025\/03\/IMG-20230130-WA0034-300x259.png 300w, https:\/\/asr-arquitecto.es\/wp-content\/uploads\/2025\/03\/IMG-20230130-WA0034-14x12.png 14w, https:\/\/asr-arquitecto.es\/wp-content\/uploads\/2025\/03\/IMG-20230130-WA0034-600x518.png 600w\" sizes=\"(max-width: 691px) 100vw, 691px\" \/>\t\t\t\t\t\t\t\t\t\t\t\t\t\t\t<\/div>\n\t\t\t\t<\/div>\n\t\t\t\t<div class=\"elementor-element elementor-element-c6d6615 elementor-widget elementor-widget-text-editor\" data-id=\"c6d6615\" data-element_type=\"widget\" data-e-type=\"widget\" data-no-translation=\"\" data-widget_type=\"text-editor.default\">\n\t\t\t\t<div class=\"elementor-widget-container\">\n\t\t\t\t\t<style>.elementor-element-c6d6615{display:none !important}<\/style>\t\t\t\t<\/div>\n\t\t\t\t<\/div>\n\t\t\t\t<div class=\"elementor-element elementor-element-7d79ba8 elementor-widget elementor-widget-text-editor\" data-id=\"7d79ba8\" data-element_type=\"widget\" data-e-type=\"widget\" data-no-translation=\"\" data-widget_type=\"text-editor.default\">\n\t\t\t\t<div class=\"elementor-widget-container\">\n\t\t\t\t\t\t\t\t\t<div id=\"6148ba10-ae39-44dd-9732-d45356224db8\" class=\"x-el x-el-div x-el c1-1 c1-2 c1-m c1-r c1-4 c1-88 c1-3h c1-4k c1-89 c1-8a c1-b c1-c c1-8b c1-8c c1-d c1-e c1-h c1-i c1-1 c1-2 c1-b c1-c c1-d c1-e c1-h c1-i\" data-ux=\"ContentBasic\"><div class=\"x-el c1-1 c1-2 c1-2o c1-2p c1-8d c1-33 c1-34 c1-8e c1-8f c1-8g c1-8h c1-8i c1-8j c1-8k c1-8l c1-8m c1-8n c1-8o c1-8p c1-8q c1-8r c1-8s c1-8t c1-8u c1-8v c1-8w c1-8x c1-8y c1-8z c1-90 c1-91 c1-92 c1-93 c1-94 c1-95 c1-96 c1-97 c1-98 c1-99 c1-9a c1-s c1-b c1-1o c1-c c1-3y c1-d c1-9b c1-e c1-h c1-i x-rt\" data-ux=\"ContentText\" data-aid=\"CONTENT_DESCRIPTION1_RENDERED\" data-typography=\"BodyAlpha\"><h4 data-editor-content=\"{&quot;blocks&quot;:[{&quot;key&quot;:&quot;86rom&quot;,&quot;text&quot;:&quot;Situated next to the railway lines and station, the intervention connects housing directly to Cape Town\u2019s transport system. But rather than a static housing block, it proposes a self-constructing architectural machine\u2014an infrastructural spine embedded within a modular framework that grows through collective labor and need. This crane-like megastructure, both symbolic and functional, is not just a provider of shelter but an enabler of self-determination, granting people the tools, resources, and space to construct their own environments. &quot;,&quot;type&quot;:&quot;unstyled&quot;,&quot;depth&quot;:0,&quot;inlineStyleRanges&quot;:[{&quot;offset&quot;:21,&quot;length&quot;:25,&quot;style&quot;:&quot;BOLD&quot;},{&quot;offset&quot;:178,&quot;length&quot;:39,&quot;style&quot;:&quot;BOLD&quot;},{&quot;offset&quot;:330,&quot;length&quot;:24,&quot;style&quot;:&quot;BOLD&quot;},{&quot;offset&quot;:427,&quot;length&quot;:29,&quot;style&quot;:&quot;BOLD&quot;}],&quot;entityRanges&quot;:[],&quot;data&quot;:{}}],&quot;entityMap&quot;:{}}\">Una Colaboraci\u00f3n de Ideas<\/h4><div data-editor-content=\"{&quot;blocks&quot;:[{&quot;key&quot;:&quot;86rom&quot;,&quot;text&quot;:&quot;Situated next to the railway lines and station, the intervention connects housing directly to Cape Town\u2019s transport system. But rather than a static housing block, it proposes a self-constructing architectural machine\u2014an infrastructural spine embedded within a modular framework that grows through collective labor and need. This crane-like megastructure, both symbolic and functional, is not just a provider of shelter but an enabler of self-determination, granting people the tools, resources, and space to construct their own environments. &quot;,&quot;type&quot;:&quot;unstyled&quot;,&quot;depth&quot;:0,&quot;inlineStyleRanges&quot;:[{&quot;offset&quot;:21,&quot;length&quot;:25,&quot;style&quot;:&quot;BOLD&quot;},{&quot;offset&quot;:178,&quot;length&quot;:39,&quot;style&quot;:&quot;BOLD&quot;},{&quot;offset&quot;:330,&quot;length&quot;:24,&quot;style&quot;:&quot;BOLD&quot;},{&quot;offset&quot;:427,&quot;length&quot;:29,&quot;style&quot;:&quot;BOLD&quot;}],&quot;entityRanges&quot;:[],&quot;data&quot;:{}}],&quot;entityMap&quot;:{}}\">M\u00e1s all\u00e1 de mis propios dise\u00f1os, tambi\u00e9n ofrezco <strong>colaboraciones personalizadas.<\/strong> Si tienes <strong>un concepto, un patr\u00f3n o una inspiraci\u00f3n<\/strong> en mente, podemos <strong>co-crear una pieza \u00fanica adaptada a tu visi\u00f3n.<\/strong> Ya sea <strong>un regalo, una declaraci\u00f3n personal o una forma experimental<\/strong>, la dise\u00f1ar\u00e9 y producir\u00e9 seg\u00fan tus especificaciones exactas.<\/div><\/div><\/div>\t\t\t\t\t\t\t\t<\/div>\n\t\t\t\t<\/div>\n\t\t\t\t<\/div>\n\t\t<div class=\"elementor-element elementor-element-8122476 e-con-full e-flex e-con e-child\" data-id=\"8122476\" data-element_type=\"container\" data-e-type=\"container\">\n\t\t\t\t<div class=\"elementor-element elementor-element-4c2597a elementor-widget elementor-widget-image\" data-id=\"4c2597a\" data-element_type=\"widget\" data-e-type=\"widget\" data-widget_type=\"image.default\">\n\t\t\t\t<div class=\"elementor-widget-container\">\n\t\t\t\t\t\t\t\t\t\t\t\t\t\t\t<img decoding=\"async\" width=\"502\" height=\"528\" src=\"https:\/\/asr-arquitecto.es\/wp-content\/uploads\/2025\/03\/IMG-20221213-WA0028.png\" class=\"attachment-medium_large size-medium_large wp-image-2762\" alt=\"\" srcset=\"https:\/\/asr-arquitecto.es\/wp-content\/uploads\/2025\/03\/IMG-20221213-WA0028.png 502w, https:\/\/asr-arquitecto.es\/wp-content\/uploads\/2025\/03\/IMG-20221213-WA0028-285x300.png 285w, https:\/\/asr-arquitecto.es\/wp-content\/uploads\/2025\/03\/IMG-20221213-WA0028-11x12.png 11w\" sizes=\"(max-width: 502px) 100vw, 502px\" \/>\t\t\t\t\t\t\t\t\t\t\t\t\t\t\t<\/div>\n\t\t\t\t<\/div>\n\t\t\t\t<div class=\"elementor-element elementor-element-2477fde elementor-widget elementor-widget-image\" data-id=\"2477fde\" data-element_type=\"widget\" data-e-type=\"widget\" data-widget_type=\"image.default\">\n\t\t\t\t<div class=\"elementor-widget-container\">\n\t\t\t\t\t\t\t\t\t\t\t\t\t\t\t<img loading=\"lazy\" decoding=\"async\" width=\"800\" height=\"600\" src=\"https:\/\/asr-arquitecto.es\/wp-content\/uploads\/2025\/03\/mandala-collar-2.2.png\" class=\"attachment-large size-large wp-image-2763\" alt=\"\" srcset=\"https:\/\/asr-arquitecto.es\/wp-content\/uploads\/2025\/03\/mandala-collar-2.2.png 1024w, https:\/\/asr-arquitecto.es\/wp-content\/uploads\/2025\/03\/mandala-collar-2.2-300x225.png 300w, https:\/\/asr-arquitecto.es\/wp-content\/uploads\/2025\/03\/mandala-collar-2.2-768x576.png 768w, https:\/\/asr-arquitecto.es\/wp-content\/uploads\/2025\/03\/mandala-collar-2.2-16x12.png 16w, https:\/\/asr-arquitecto.es\/wp-content\/uploads\/2025\/03\/mandala-collar-2.2-600x450.png 600w\" sizes=\"(max-width: 800px) 100vw, 800px\" \/>\t\t\t\t\t\t\t\t\t\t\t\t\t\t\t<\/div>\n\t\t\t\t<\/div>\n\t\t\t\t<\/div>\n\t\t\t\t\t<\/div>\n\t\t\t\t<\/div>\n\t\t<div class=\"elementor-element elementor-element-c79c6b4 e-flex e-con-boxed e-con e-parent\" data-id=\"c79c6b4\" data-element_type=\"container\" data-e-type=\"container\">\n\t\t\t\t\t<div class=\"e-con-inner\">\n\t\t\t\t<div class=\"elementor-element elementor-element-f612247 elementor--h-position-center elementor--v-position-middle elementor-arrows-position-inside elementor-pagination-position-inside elementor-widget elementor-widget-slides\" data-id=\"f612247\" data-element_type=\"widget\" data-e-type=\"widget\" data-settings=\"{&quot;autoplay_speed&quot;:2000,&quot;transition&quot;:&quot;fade&quot;,&quot;navigation&quot;:&quot;both&quot;,&quot;autoplay&quot;:&quot;yes&quot;,&quot;pause_on_hover&quot;:&quot;yes&quot;,&quot;pause_on_interaction&quot;:&quot;yes&quot;,&quot;infinite&quot;:&quot;yes&quot;,&quot;transition_speed&quot;:500}\" data-widget_type=\"slides.default\">\n\t\t\t\t<div class=\"elementor-widget-container\">\n\t\t\t\t\t\t\t\t\t<div class=\"elementor-swiper\">\n\t\t\t\t\t<div class=\"elementor-slides-wrapper elementor-main-swiper swiper\" role=\"region\" aria-roledescription=\"carousel\" aria-label=\"Slides\" dir=\"ltr\" data-animation=\"fadeInUp\">\n\t\t\t\t<div class=\"swiper-wrapper elementor-slides\">\n\t\t\t\t\t\t\t\t\t\t<div class=\"elementor-repeater-item-1183272 swiper-slide\" role=\"group\" aria-roledescription=\"slide\"><div class=\"swiper-slide-bg\" role=\"img\" aria-label=\"mandala colgante 3\"><\/div><div class=\"swiper-slide-inner\" ><div class=\"swiper-slide-contents\"><\/div><\/div><\/div><div class=\"elementor-repeater-item-f733062 swiper-slide\" role=\"group\" aria-roledescription=\"slide\"><div class=\"swiper-slide-bg\" role=\"img\" aria-label=\"mandala collar 5.1\"><\/div><div class=\"swiper-slide-inner\" ><div class=\"swiper-slide-contents\"><\/div><\/div><\/div><div class=\"elementor-repeater-item-f7c0d14 swiper-slide\" role=\"group\" aria-roledescription=\"slide\"><div class=\"swiper-slide-bg\" role=\"img\" aria-label=\"Ramiskal2222\"><\/div><div class=\"swiper-slide-inner\" ><div class=\"swiper-slide-contents\"><\/div><\/div><\/div><div class=\"elementor-repeater-item-e20a59c swiper-slide\" role=\"group\" aria-roledescription=\"slide\"><div class=\"swiper-slide-bg\" role=\"img\" aria-label=\"vista previa 3d\"><\/div><div class=\"swiper-slide-inner\" ><div class=\"swiper-slide-contents\"><\/div><\/div><\/div><div class=\"elementor-repeater-item-6ec3a02 swiper-slide\" role=\"group\" aria-roledescription=\"slide\"><div class=\"swiper-slide-bg\" role=\"img\" aria-label=\"mandala collar 3.2\"><\/div><div class=\"swiper-slide-inner\" ><div class=\"swiper-slide-contents\"><\/div><\/div><\/div>\t\t\t\t<\/div>\n\t\t\t\t\t\t\t\t\t\t\t\t\t\t\t<div class=\"elementor-swiper-button elementor-swiper-button-prev\" role=\"button\" tabindex=\"0\" aria-label=\"Previous slide\">\n\t\t\t\t\t\t\t<svg aria-hidden=\"true\" class=\"e-font-icon-svg e-eicon-chevron-left\" viewBox=\"0 0 1000 1000\" xmlns=\"http:\/\/www.w3.org\/2000\/svg\"><path d=\"M646 125C629 125 613 133 604 142L308 442C296 454 292 471 292 487 292 504 296 521 308 533L604 854C617 867 629 875 646 875 663 875 679 871 692 858 704 846 713 829 713 812 713 796 708 779 692 767L438 487 692 225C700 217 708 204 708 187 708 171 704 154 692 142 675 129 663 125 646 125Z\"><\/path><\/svg>\t\t\t\t\t\t<\/div>\n\t\t\t\t\t\t<div class=\"elementor-swiper-button elementor-swiper-button-next\" role=\"button\" tabindex=\"0\" aria-label=\"Next slide\">\n\t\t\t\t\t\t\t<svg aria-hidden=\"true\" class=\"e-font-icon-svg e-eicon-chevron-right\" viewBox=\"0 0 1000 1000\" xmlns=\"http:\/\/www.w3.org\/2000\/svg\"><path d=\"M696 533C708 521 713 504 713 487 713 471 708 454 696 446L400 146C388 133 375 125 354 125 338 125 325 129 313 142 300 154 292 171 292 187 292 204 296 221 308 233L563 492 304 771C292 783 288 800 288 817 288 833 296 850 308 863 321 871 338 875 354 875 371 875 388 867 400 854L696 533Z\"><\/path><\/svg>\t\t\t\t\t\t<\/div>\n\t\t\t\t\t\t\t\t\t\t\t\t\t\t\t\t<div class=\"swiper-pagination\"><\/div>\n\t\t\t\t\t\t\t\t\t\t\t\t<\/div>\n\t\t\t\t<\/div>\n\t\t\t\t\t\t\t\t<\/div>\n\t\t\t\t<\/div>\n\t\t\t\t\t<\/div>\n\t\t\t\t<\/div>\n\t\t<div class=\"elementor-element elementor-element-7da4d94 e-flex e-con-boxed e-con e-parent\" data-id=\"7da4d94\" data-element_type=\"container\" data-e-type=\"container\">\n\t\t\t\t\t<div class=\"e-con-inner\">\n\t\t\t\t<div class=\"elementor-element elementor-element-3ff8f92 elementor-widget elementor-widget-text-editor\" data-id=\"3ff8f92\" data-element_type=\"widget\" data-e-type=\"widget\" data-no-translation=\"\" data-widget_type=\"text-editor.default\">\n\t\t\t\t<div class=\"elementor-widget-container\">\n\t\t\t\t\t<style>.elementor-element-3ff8f92{display:none !important}<\/style>\t\t\t\t<\/div>\n\t\t\t\t<\/div>\n\t\t\t\t<div class=\"elementor-element elementor-element-4f49b0c elementor-widget elementor-widget-text-editor\" data-id=\"4f49b0c\" data-element_type=\"widget\" data-e-type=\"widget\" data-no-translation=\"\" data-widget_type=\"text-editor.default\">\n\t\t\t\t<div class=\"elementor-widget-container\">\n\t\t\t\t\t\t\t\t\t<div data-editor-content=\"{&quot;blocks&quot;:[{&quot;key&quot;:&quot;8s9ku&quot;,&quot;text&quot;:&quot;This project is a provocation as much as a proposal\u2014an architectural statement that questions how urbanism, labor, and policy intersect. It acknowledges that space is political, that architecture is never neutral, and that design should empower rather than dictate.&quot;,&quot;type&quot;:&quot;unstyled&quot;,&quot;depth&quot;:0,&quot;inlineStyleRanges&quot;:[{&quot;offset&quot;:18,&quot;length&quot;:33,&quot;style&quot;:&quot;BOLD&quot;},{&quot;offset&quot;:98,&quot;length&quot;:37,&quot;style&quot;:&quot;BOLD&quot;},{&quot;offset&quot;:158,&quot;length&quot;:18,&quot;style&quot;:&quot;BOLD&quot;},{&quot;offset&quot;:223,&quot;length&quot;:41,&quot;style&quot;:&quot;BOLD&quot;}],&quot;entityRanges&quot;:[],&quot;data&quot;:{}},{&quot;key&quot;:&quot;sp0s&quot;,&quot;text&quot;:&quot;&quot;,&quot;type&quot;:&quot;unstyled&quot;,&quot;depth&quot;:0,&quot;inlineStyleRanges&quot;:[],&quot;entityRanges&quot;:[],&quot;data&quot;:{}}],&quot;entityMap&quot;:{}}\"><div class=\"block paragraph\" data-block=\"true\" data-editor=\"9h0ol\" data-offset-key=\"2tegh-0-0\"><div class=\"public-DraftStyleDefault-block public-DraftStyleDefault-ltr\" data-offset-key=\"2tegh-0-0\"><div data-editor-content=\"{&quot;blocks&quot;:[{&quot;key&quot;:&quot;1b6mg&quot;,&quot;text&quot;:&quot;This project is a provocation as much as a proposal\u2014an architectural statement that questions how urbanism, labor, and policy intersect. It acknowledges that space is political, that architecture is never neutral, and that design should empower rather than dictate.&quot;,&quot;type&quot;:&quot;unstyled&quot;,&quot;depth&quot;:0,&quot;inlineStyleRanges&quot;:[{&quot;offset&quot;:18,&quot;length&quot;:33,&quot;style&quot;:&quot;BOLD&quot;},{&quot;offset&quot;:98,&quot;length&quot;:37,&quot;style&quot;:&quot;BOLD&quot;},{&quot;offset&quot;:158,&quot;length&quot;:18,&quot;style&quot;:&quot;BOLD&quot;},{&quot;offset&quot;:223,&quot;length&quot;:41,&quot;style&quot;:&quot;BOLD&quot;}],&quot;entityRanges&quot;:[],&quot;data&quot;:{}},{&quot;key&quot;:&quot;24c6o&quot;,&quot;text&quot;:&quot;Salt River Social Housing envisions an urban future where people are no longer passive consumers of space, but its co-creators, reclaiming the city as an open, unfinished project.&quot;,&quot;type&quot;:&quot;unstyled&quot;,&quot;depth&quot;:0,&quot;inlineStyleRanges&quot;:[{&quot;offset&quot;:0,&quot;length&quot;:179,&quot;style&quot;:&quot;BOLD&quot;}],&quot;entityRanges&quot;:[],&quot;data&quot;:{}}],&quot;entityMap&quot;:{}}\"><div class=\"block paragraph\" data-block=\"true\" data-editor=\"9h0ol\" data-offset-key=\"2tegh-0-0\"><h4 class=\"public-DraftStyleDefault-block public-DraftStyleDefault-ltr\" data-offset-key=\"2tegh-0-0\">\u00bfTe interesa? Creamos Juntos.<\/h4><p class=\"public-DraftStyleDefault-block public-DraftStyleDefault-ltr\" data-offset-key=\"2tegh-0-0\">Si quieres tener una pieza \u00fanica o trabajar en un dise\u00f1o personalizado, hablemos.<br data-start=\"196\" data-end=\"199\" \/>\ud83d\udce9 <strong data-start=\"202\" data-end=\"216\">Cont\u00e1ctame<\/strong> para compartir tu idea y darle forma juntos.<\/p><\/div><\/div><\/div><\/div><\/div>\t\t\t\t\t\t\t\t<\/div>\n\t\t\t\t<\/div>\n\t\t\t\t\t<\/div>\n\t\t\t\t<\/div>\n\t\t\t\t<\/div>\n\t\t","protected":false},"excerpt":{"rendered":"<p>Jewelry Design Unique 3D-Printed Jewelry: Custom Designs, Infinite Possibilities My work in 3D-printed jewelry brings customization to a whole new level, allowing for intricate, personalized pieces that are truly one of a kind.\u00a0 Crafted in Digital Space Each piece starts as a digital sculpture, designed with precision and artistic intent. From fractals and oriental filigrees [&hellip;]<\/p>\n","protected":false},"author":1,"featured_media":0,"parent":0,"menu_order":0,"comment_status":"closed","ping_status":"closed","template":"elementor_theme","meta":{"_eb_attr":"","_uag_custom_page_level_css":"","footnotes":""},"class_list":["post-2759","page","type-page","status-publish","hentry"],"aioseo_notices":[],"uagb_featured_image_src":{"full":false,"thumbnail":false,"medium":false,"medium_large":false,"large":false,"1536x1536":false,"2048x2048":false,"trp-custom-language-flag":false,"qi_addons_for_elementor_image_size_square":false,"qi_addons_for_elementor_image_size_landscape":false,"qi_addons_for_elementor_image_size_portrait":false,"qi_addons_for_elementor_image_size_huge-square":false},"uagb_author_info":{"display_name":"santos.alonso@gmail.com","author_link":"https:\/\/asr-arquitecto.es\/es\/author\/santos-alonsogmail-com\/"},"uagb_comment_info":0,"uagb_excerpt":"Jewelry Design Unique 3D-Printed Jewelry: Custom Designs, Infinite Possibilities My work in 3D-printed jewelry brings customization to a whole new level, allowing for intricate, personalized pieces that are truly one of a kind.\u00a0 Crafted in Digital Space Each piece starts as a digital sculpture, designed with precision and artistic intent. From fractals and oriental filigrees&hellip;","_links":{"self":[{"href":"https:\/\/asr-arquitecto.es\/es\/wp-json\/wp\/v2\/pages\/2759","targetHints":{"allow":["GET"]}}],"collection":[{"href":"https:\/\/asr-arquitecto.es\/es\/wp-json\/wp\/v2\/pages"}],"about":[{"href":"https:\/\/asr-arquitecto.es\/es\/wp-json\/wp\/v2\/types\/page"}],"author":[{"embeddable":true,"href":"https:\/\/asr-arquitecto.es\/es\/wp-json\/wp\/v2\/users\/1"}],"replies":[{"embeddable":true,"href":"https:\/\/asr-arquitecto.es\/es\/wp-json\/wp\/v2\/comments?post=2759"}],"version-history":[{"count":14,"href":"https:\/\/asr-arquitecto.es\/es\/wp-json\/wp\/v2\/pages\/2759\/revisions"}],"predecessor-version":[{"id":3226,"href":"https:\/\/asr-arquitecto.es\/es\/wp-json\/wp\/v2\/pages\/2759\/revisions\/3226"}],"wp:attachment":[{"href":"https:\/\/asr-arquitecto.es\/es\/wp-json\/wp\/v2\/media?parent=2759"}],"curies":[{"name":"wp","href":"https:\/\/api.w.org\/{rel}","templated":true}]}}